{"id":1005,"date":"2015-07-31T12:28:19","date_gmt":"2015-07-31T12:28:19","guid":{"rendered":"http:\/\/www.bytepix.de\/worp\/?page_id=1005"},"modified":"2015-08-14T10:20:28","modified_gmt":"2015-08-14T10:20:28","slug":"upload-programm","status":"publish","type":"page","link":"https:\/\/bytepix.de\/worp\/upload-programm\/","title":{"rendered":"Upload, mit Komfort"},"content":{"rendered":"<p>Bilder laden Sie komfortabel via \u201emitt3\u201c oder mit dem Lightroom-Plugin auf Ihren Server. Beides geh\u00f6rt zum Lieferumfang.<\/p>\n<p>Damit es schnell geht und wenig Speicherplatz verbraucht, errechnen diese Programme Thumbnails und Voransichten aus Ihren Bildern, bevor sie hochgeladen werden.<\/p>\n<p>Nat\u00fcrlich geben Sie vor, wie gro\u00df die Thumbnails und Voransichten werden. Im Mittel ergibt sich ein Platzbedarf von 0,15MB pro P\u00e4rchen, d.h. bei 1 GB Webspace haben Sie Platz f\u00fcr ca. 7.000 Bilder.<br \/>\nAuch an den Schutz vor Diebstahl ist gedacht: Optional k\u00f6nnen Sie ein halbtransparentes Wasserzeichen und\/oder Streifen in die Pixel der Voransichten einrechnen lassen.<\/p>\n<p>\u201emitt3\u201c, eine Abk\u00fcrzung f\u00fcr Multiple Image Transform and Transfer, kann aber noch weit mehr. So k\u00f6nnen Sie zusammen oder getrennt die Feindaten auf den Download-Server hochladen oder anstelle der errechneten Ihre eigenen Voransichten transferieren lassen.<\/p>\n<p><strong>Fernsteuerung<br \/>\n<\/strong>Oder Sie nutzen \u201emitt3\u201c als Fernsteuerung f\u00fcr bytepix und erzeugen direkt beliebig viele Kunden und Galerien f\u00fcr Veranstaltungen oder Kindergarten- und Schulfotografie.<\/p>\n<p><strong>Hotfolder<\/strong><br \/>\nDer intelligente \u201eHotfolder\u201c erlaubt es au\u00dferdem, Bilder vorzusortieren, kleinzurechnen und dann in einem Rutsch in unterschiedliche Galerien von bytepix hochzuladen.<\/p>\n<p><strong>Mac und PC<\/strong><br \/>\n\u201emitt3\u201c gibt es f\u00fcr MacOS X und Windows (ab XP). Bitte geben Sie dies bei Ihrer Bestellung an. Das Lightroom-Plugin l\u00e4uft generell auf beiden Betriebsystemen.<\/p>\n","protected":false},"excerpt":{"rendered":"<p>Bilder laden Sie komfortabel via \u201emitt3\u201c oder mit dem Lightroom-Plugin auf Ihren Server. Beides geh\u00f6rt zum Lieferumfang. Damit es schnell geht und wenig Speicherplatz verbraucht, errechnen diese Programme Thumbnails und Voransichten aus Ihren Bildern, bevor sie hochgeladen werden. Nat\u00fcrlich geben Sie vor, wie gro\u00df die Thumbnails und Voransichten werden. Im Mittel ergibt sich ein Platzbedarf [&hellip;]<\/p>\n","protected":false},"author":1,"featured_media":1031,"parent":0,"menu_order":0,"comment_status":"open","ping_status":"open","template":"","meta":{"_genesis_hide_title":false,"_genesis_hide_breadcrumbs":false,"_genesis_hide_singular_image":false,"_genesis_hide_footer_widgets":false,"_genesis_custom_body_class":"","_genesis_custom_post_class":"","_genesis_layout":"","footnotes":""},"_links":{"self":[{"href":"https:\/\/bytepix.de\/worp\/wp-json\/wp\/v2\/pages\/1005"}],"collection":[{"href":"https:\/\/bytepix.de\/worp\/wp-json\/wp\/v2\/pages"}],"about":[{"href":"https:\/\/bytepix.de\/worp\/wp-json\/wp\/v2\/types\/page"}],"author":[{"embeddable":true,"href":"https:\/\/bytepix.de\/worp\/wp-json\/wp\/v2\/users\/1"}],"replies":[{"embeddable":true,"href":"https:\/\/bytepix.de\/worp\/wp-json\/wp\/v2\/comments?post=1005"}],"version-history":[{"count":2,"href":"https:\/\/bytepix.de\/worp\/wp-json\/wp\/v2\/pages\/1005\/revisions"}],"predecessor-version":[{"id":1037,"href":"https:\/\/bytepix.de\/worp\/wp-json\/wp\/v2\/pages\/1005\/revisions\/1037"}],"wp:featuredmedia":[{"embeddable":true,"href":"https:\/\/bytepix.de\/worp\/wp-json\/wp\/v2\/media\/1031"}],"wp:attachment":[{"href":"https:\/\/bytepix.de\/worp\/wp-json\/wp\/v2\/media?parent=1005"}],"curies":[{"name":"wp","href":"https:\/\/api.w.org\/{rel}","templated":true}]}}