{"id":1007,"date":"2015-07-31T12:30:10","date_gmt":"2015-07-31T12:30:10","guid":{"rendered":"http:\/\/www.bytepix.de\/worp\/?page_id=1007"},"modified":"2015-08-14T10:03:02","modified_gmt":"2015-08-14T10:03:02","slug":"zahlungsweisen-paypal","status":"publish","type":"page","link":"https:\/\/bytepix.de\/worp\/zahlungsweisen-paypal\/","title":{"rendered":"Lieferung, nach Zahlung"},"content":{"rendered":"<p>Sie konfigurieren ob PayPal oder auch andere Zahlungsweisen und Lieferarten in Ihrem Webshop angeboten werden.<br \/>\nDas geht Kunden individuell \u00fcber die sogenannten \u201eKonditionen-Tabellen\u201c. In einer solchen Tabelle legen Sie fest, welche Methoden sp\u00e4ter im Shop dem Kunden angeboten werden. Als da sind:<\/p>\n<ul>\n<li>Selbstabholung<\/li>\n<li>Nachnahme<\/li>\n<li>Vorkasse &amp; Selbstabholer<\/li>\n<li>Vorkasse &amp; Zusendung<\/li>\n<li>Rechnung &amp; Selbstabholer<\/li>\n<li>Rechnung &amp; Zusendung<\/li>\n<li>Paypal &amp; Selbstabholer<\/li>\n<li>Paypal &amp; Zusendung<\/li>\n<\/ul>\n<p>Dabei legen Sie fest, wie hoch die Versandkosten sind (3 Klassen) oder ab welchem Betrag der Kunde hiervon befreit wird. Ebenso bestimmen Sie, wie die Paypal Geb\u00fchren berechnet werden, oder ob diese bei kleinen Betr\u00e4gen entfallen.<\/p>\n<p>Namen sind bekanntlich Schall &amp; Rauch&#8230; Dies gilt auch f\u00fcr die Zahlungsweisen &amp; Lieferarten von bytepix. Ben\u00f6tigen Sie eine andere, dann \u00e4ndern Sie einfach die Bezeichnung einer vorhandenen, nie benutzten Zahlungsweise ab &#8230;<\/p>\n","protected":false},"excerpt":{"rendered":"<p>Sie konfigurieren ob PayPal oder auch andere Zahlungsweisen und Lieferarten in Ihrem Webshop angeboten werden. Das geht Kunden individuell \u00fcber die sogenannten \u201eKonditionen-Tabellen\u201c. In einer solchen Tabelle legen Sie fest, welche Methoden sp\u00e4ter im Shop dem Kunden angeboten werden. Als da sind: Selbstabholung Nachnahme Vorkasse &amp; Selbstabholer Vorkasse &amp; Zusendung Rechnung &amp; Selbstabholer Rechnung &amp; [&hellip;]<\/p>\n","protected":false},"author":1,"featured_media":1039,"parent":0,"menu_order":0,"comment_status":"open","ping_status":"open","template":"","meta":{"_genesis_hide_title":false,"_genesis_hide_breadcrumbs":false,"_genesis_hide_singular_image":false,"_genesis_hide_footer_widgets":false,"_genesis_custom_body_class":"","_genesis_custom_post_class":"","_genesis_layout":"","footnotes":""},"_links":{"self":[{"href":"https:\/\/bytepix.de\/worp\/wp-json\/wp\/v2\/pages\/1007"}],"collection":[{"href":"https:\/\/bytepix.de\/worp\/wp-json\/wp\/v2\/pages"}],"about":[{"href":"https:\/\/bytepix.de\/worp\/wp-json\/wp\/v2\/types\/page"}],"author":[{"embeddable":true,"href":"https:\/\/bytepix.de\/worp\/wp-json\/wp\/v2\/users\/1"}],"replies":[{"embeddable":true,"href":"https:\/\/bytepix.de\/worp\/wp-json\/wp\/v2\/comments?post=1007"}],"version-history":[{"count":1,"href":"https:\/\/bytepix.de\/worp\/wp-json\/wp\/v2\/pages\/1007\/revisions"}],"predecessor-version":[{"id":1008,"href":"https:\/\/bytepix.de\/worp\/wp-json\/wp\/v2\/pages\/1007\/revisions\/1008"}],"wp:featuredmedia":[{"embeddable":true,"href":"https:\/\/bytepix.de\/worp\/wp-json\/wp\/v2\/media\/1039"}],"wp:attachment":[{"href":"https:\/\/bytepix.de\/worp\/wp-json\/wp\/v2\/media?parent=1007"}],"curies":[{"name":"wp","href":"https:\/\/api.w.org\/{rel}","templated":true}]}}