{"id":1009,"date":"2015-07-31T12:32:14","date_gmt":"2015-07-31T12:32:14","guid":{"rendered":"http:\/\/www.bytepix.de\/worp\/?page_id=1009"},"modified":"2015-08-14T09:59:41","modified_gmt":"2015-08-14T09:59:41","slug":"pakete-sets-fotoarbeiten","status":"publish","type":"page","link":"https:\/\/bytepix.de\/worp\/pakete-sets-fotoarbeiten\/","title":{"rendered":"Fotoarbeiten, Pakete oder Sets"},"content":{"rendered":"<p>\u201eFotoarbeiten\u201c, \u201ePakete&#8221; oder \u201eSets&#8221; sind Produkte, die, im Gegensatz zu Abz\u00fcgen aus mehreren Bildern bestehen.<br \/>\nSets oder Bildpakete sind einfache Beispiele f\u00fcr solche Fotoarbeiten und bestehen aus Abz\u00fcgen unterschiedlicher Formate. Via \u201eclick &amp; place\u201c w\u00e4hlen Ihre Kunden interaktiv die gew\u00fcnschten Bilder aus und ordnen sie der jeweiligen Komponente eines Sets zu.<br \/>\nAus welchen Komponenten ein Set besteht, bestimmen Sie. So k\u00f6nnen Sie bspw. auch einen Kalender als Fotoarbeit anbieten, der insgesamt aus 13 Bildern besteht (inkl. Titelbild).<br \/>\nNat\u00fcrlich ben\u00f6tigen solche Produkte eine Beschreibung, damit der Kunde wei\u00df, was er bestellt. Info-Seiten mit Info-Bildern oder eine Kurzbeschreibung, ebenfalls mit Bild, erlauben dem Fotografen seine Produkte detailliert oder nur ungef\u00e4hr zu beschreiben.<\/p>\n<p>Verschiedene Fotoarbeiten werden in speziellen Preislisten mit Preisen versehen und k\u00f6nnen so kundenindividuell zugeordnet werden. Wie bei den Einzelbild-Abz\u00fcgen sind auch hier Staffelpreise und Varianten m\u00f6glich.<\/p>\n","protected":false},"excerpt":{"rendered":"<p>\u201eFotoarbeiten\u201c, \u201ePakete&#8221; oder \u201eSets&#8221; sind Produkte, die, im Gegensatz zu Abz\u00fcgen aus mehreren Bildern bestehen. Sets oder Bildpakete sind einfache Beispiele f\u00fcr solche Fotoarbeiten und bestehen aus Abz\u00fcgen unterschiedlicher Formate. Via \u201eclick &amp; place\u201c w\u00e4hlen Ihre Kunden interaktiv die gew\u00fcnschten Bilder aus und ordnen sie der jeweiligen Komponente eines Sets zu. Aus welchen Komponenten ein [&hellip;]<\/p>\n","protected":false},"author":1,"featured_media":1049,"parent":0,"menu_order":0,"comment_status":"open","ping_status":"open","template":"","meta":{"_genesis_hide_title":false,"_genesis_hide_breadcrumbs":false,"_genesis_hide_singular_image":false,"_genesis_hide_footer_widgets":false,"_genesis_custom_body_class":"","_genesis_custom_post_class":"","_genesis_layout":"","footnotes":""},"_links":{"self":[{"href":"https:\/\/bytepix.de\/worp\/wp-json\/wp\/v2\/pages\/1009"}],"collection":[{"href":"https:\/\/bytepix.de\/worp\/wp-json\/wp\/v2\/pages"}],"about":[{"href":"https:\/\/bytepix.de\/worp\/wp-json\/wp\/v2\/types\/page"}],"author":[{"embeddable":true,"href":"https:\/\/bytepix.de\/worp\/wp-json\/wp\/v2\/users\/1"}],"replies":[{"embeddable":true,"href":"https:\/\/bytepix.de\/worp\/wp-json\/wp\/v2\/comments?post=1009"}],"version-history":[{"count":5,"href":"https:\/\/bytepix.de\/worp\/wp-json\/wp\/v2\/pages\/1009\/revisions"}],"predecessor-version":[{"id":1052,"href":"https:\/\/bytepix.de\/worp\/wp-json\/wp\/v2\/pages\/1009\/revisions\/1052"}],"wp:featuredmedia":[{"embeddable":true,"href":"https:\/\/bytepix.de\/worp\/wp-json\/wp\/v2\/media\/1049"}],"wp:attachment":[{"href":"https:\/\/bytepix.de\/worp\/wp-json\/wp\/v2\/media?parent=1009"}],"curies":[{"name":"wp","href":"https:\/\/api.w.org\/{rel}","templated":true}]}}