{"id":1011,"date":"2015-07-31T12:34:20","date_gmt":"2015-07-31T12:34:20","guid":{"rendered":"http:\/\/www.bytepix.de\/worp\/?page_id=1011"},"modified":"2015-08-02T11:45:09","modified_gmt":"2015-08-02T11:45:09","slug":"info-seiten-info-bilder-und-info-mails","status":"publish","type":"page","link":"https:\/\/bytepix.de\/worp\/info-seiten-info-bilder-und-info-mails\/","title":{"rendered":"Info-Seiten, Info-Bilder und Info-Mails"},"content":{"rendered":"<p>Anspruchsvolle Produkte ben\u00f6tigen aussagekr\u00e4ftige Beschreibungen. Hierf\u00fcr sind die Info-Seiten von bytepix gedacht.<br \/>\nMit einem komfortablen HTML-Editor erstellen Sie eigene Beschreibungsseiten und verkn\u00fcpfen diese mit den Produkten, die Sie Ihren Kunden anbieten m\u00f6chten. In solche Seiten lassen sich auch Bilder und Grafiken integrieren, die Sie zuvor als Info-Bilder ins System hochgeladen haben.<\/p>\n<p>bytepix bietet Ihnen au\u00dferdem die M\u00f6glichkeit, an vielen Stellen im Abwicklungsprozess, Info-Mails zu verschicken. So k\u00f6nnen Sie bspw. Ihre Kunden informieren, wenn die Bilder zum Abholen bereitstehen oder eine Zahlungserinnerung senden, sollte Ihr Kunde seine Bestellung noch nicht bezahlt haben.<br \/>\nAutomatisch lassen sich Info-Mails verschicken ein paar Tage vor dem Ablauf eines Kundenzugangs und direkt am Tag der Sperrung. Auf diese Weise k\u00f6nnen Ihre Kunden bewegen, vielleicht doch noch ein paar Bilder nachzubestellen.<\/p>\n","protected":false},"excerpt":{"rendered":"<p>Anspruchsvolle Produkte ben\u00f6tigen aussagekr\u00e4ftige Beschreibungen. Hierf\u00fcr sind die Info-Seiten von bytepix gedacht. Mit einem komfortablen HTML-Editor erstellen Sie eigene Beschreibungsseiten und verkn\u00fcpfen diese mit den Produkten, die Sie Ihren Kunden anbieten m\u00f6chten. In solche Seiten lassen sich auch Bilder und Grafiken integrieren, die Sie zuvor als Info-Bilder ins System hochgeladen haben. bytepix bietet Ihnen au\u00dferdem [&hellip;]<\/p>\n","protected":false},"author":1,"featured_media":1045,"parent":0,"menu_order":0,"comment_status":"open","ping_status":"open","template":"","meta":{"_genesis_hide_title":false,"_genesis_hide_breadcrumbs":false,"_genesis_hide_singular_image":false,"_genesis_hide_footer_widgets":false,"_genesis_custom_body_class":"","_genesis_custom_post_class":"","_genesis_layout":"","footnotes":""},"_links":{"self":[{"href":"https:\/\/bytepix.de\/worp\/wp-json\/wp\/v2\/pages\/1011"}],"collection":[{"href":"https:\/\/bytepix.de\/worp\/wp-json\/wp\/v2\/pages"}],"about":[{"href":"https:\/\/bytepix.de\/worp\/wp-json\/wp\/v2\/types\/page"}],"author":[{"embeddable":true,"href":"https:\/\/bytepix.de\/worp\/wp-json\/wp\/v2\/users\/1"}],"replies":[{"embeddable":true,"href":"https:\/\/bytepix.de\/worp\/wp-json\/wp\/v2\/comments?post=1011"}],"version-history":[{"count":1,"href":"https:\/\/bytepix.de\/worp\/wp-json\/wp\/v2\/pages\/1011\/revisions"}],"predecessor-version":[{"id":1012,"href":"https:\/\/bytepix.de\/worp\/wp-json\/wp\/v2\/pages\/1011\/revisions\/1012"}],"wp:featuredmedia":[{"embeddable":true,"href":"https:\/\/bytepix.de\/worp\/wp-json\/wp\/v2\/media\/1045"}],"wp:attachment":[{"href":"https:\/\/bytepix.de\/worp\/wp-json\/wp\/v2\/media?parent=1011"}],"curies":[{"name":"wp","href":"https:\/\/api.w.org\/{rel}","templated":true}]}}