{"id":1015,"date":"2015-07-31T12:36:25","date_gmt":"2015-07-31T12:36:25","guid":{"rendered":"http:\/\/www.bytepix.de\/worp\/?page_id=1015"},"modified":"2015-08-14T10:05:15","modified_gmt":"2015-08-14T10:05:15","slug":"rechnungen-als-pdf","status":"publish","type":"page","link":"https:\/\/bytepix.de\/worp\/rechnungen-als-pdf\/","title":{"rendered":"PDF, einfach sch\u00f6ner"},"content":{"rendered":"<p>Version 3 von bytepix erzeugt endlich PDF-Dateien als Bestellbest\u00e4tigung und ggf. als Rechnung.<br \/>\nSo findet der Kunde ein PDF im Anhang seiner Bestellbest\u00e4tigungs-Mail und nicht mehr den blo\u00dfen HTML-Text. Der Grund ist ganz einfach, PDF l\u00e4sst eine wesentlich bessere Gestaltung zu und vor allem ordentliche Seitenumbr\u00fcche!<\/p>\n<p>Wie bereits in den \u00e4lteren Versionen von bytepix k\u00f6nnen Sie auch in 3.0 mit ein paar minimalen \u00c4nderungen aus jeder Bestellbest\u00e4tigung eine Rechnung zaubern. Ebenfalls als PDF. Geben Sie einfach Rechnungsnummer (die ja Ihrer eigenen Nummerierung folgt) ein und das Datum und schon haben Sie im Handumdrehen ein neues PDF mit Ihrer Rechnung.<\/p>\n","protected":false},"excerpt":{"rendered":"<p>Version 3 von bytepix erzeugt endlich PDF-Dateien als Bestellbest\u00e4tigung und ggf. als Rechnung. So findet der Kunde ein PDF im Anhang seiner Bestellbest\u00e4tigungs-Mail und nicht mehr den blo\u00dfen HTML-Text. Der Grund ist ganz einfach, PDF l\u00e4sst eine wesentlich bessere Gestaltung zu und vor allem ordentliche Seitenumbr\u00fcche! Wie bereits in den \u00e4lteren Versionen von bytepix k\u00f6nnen [&hellip;]<\/p>\n","protected":false},"author":1,"featured_media":1038,"parent":0,"menu_order":0,"comment_status":"open","ping_status":"open","template":"","meta":{"_genesis_hide_title":false,"_genesis_hide_breadcrumbs":false,"_genesis_hide_singular_image":false,"_genesis_hide_footer_widgets":false,"_genesis_custom_body_class":"","_genesis_custom_post_class":"","_genesis_layout":"","footnotes":""},"_links":{"self":[{"href":"https:\/\/bytepix.de\/worp\/wp-json\/wp\/v2\/pages\/1015"}],"collection":[{"href":"https:\/\/bytepix.de\/worp\/wp-json\/wp\/v2\/pages"}],"about":[{"href":"https:\/\/bytepix.de\/worp\/wp-json\/wp\/v2\/types\/page"}],"author":[{"embeddable":true,"href":"https:\/\/bytepix.de\/worp\/wp-json\/wp\/v2\/users\/1"}],"replies":[{"embeddable":true,"href":"https:\/\/bytepix.de\/worp\/wp-json\/wp\/v2\/comments?post=1015"}],"version-history":[{"count":1,"href":"https:\/\/bytepix.de\/worp\/wp-json\/wp\/v2\/pages\/1015\/revisions"}],"predecessor-version":[{"id":1016,"href":"https:\/\/bytepix.de\/worp\/wp-json\/wp\/v2\/pages\/1015\/revisions\/1016"}],"wp:featuredmedia":[{"embeddable":true,"href":"https:\/\/bytepix.de\/worp\/wp-json\/wp\/v2\/media\/1038"}],"wp:attachment":[{"href":"https:\/\/bytepix.de\/worp\/wp-json\/wp\/v2\/media?parent=1015"}],"curies":[{"name":"wp","href":"https:\/\/api.w.org\/{rel}","templated":true}]}}