{"id":1017,"date":"2015-07-31T12:36:43","date_gmt":"2015-07-31T12:36:43","guid":{"rendered":"http:\/\/www.bytepix.de\/worp\/?page_id=1017"},"modified":"2015-08-02T11:34:25","modified_gmt":"2015-08-02T11:34:25","slug":"statistik-zahlt","status":"publish","type":"page","link":"https:\/\/bytepix.de\/worp\/statistik-zahlt\/","title":{"rendered":"Statistik, z\u00e4hlt"},"content":{"rendered":"<p>Eine Datenbank spielt Ihre St\u00e4rke vor allem bei Statistiken aus.<br \/>\nLassen Sie sich von einer beliebigen Anzahl Monate grafisch anzeigen<\/p>\n<ul>\n<li>wieviele Kundenlogins an Ihrem bytepix stattfanden,<\/li>\n<li>wie hoch Ihre Gesamtums\u00e4tze waren,<\/li>\n<li>welche Ihrer Produkte am h\u00e4ufigsten und am seltensten gekauft wurden,<\/li>\n<li>dies ebenso f\u00fcr die Formate Ihrer Abz\u00fcge.<\/li>\n<\/ul>\n<p>Alle grafischen Daten k\u00f6nnen Sie f\u00fcr eigene Auswertung als Zahlenmaterial, in Form von Excel-Tabellen abrufen.<br \/>\nDies gilt f\u00fcr Bestellpositionen und Kundenadressen ebenso.<\/p>\n","protected":false},"excerpt":{"rendered":"<p>Eine Datenbank spielt Ihre St\u00e4rke vor allem bei Statistiken aus. Lassen Sie sich von einer beliebigen Anzahl Monate grafisch anzeigen wieviele Kundenlogins an Ihrem bytepix stattfanden, wie hoch Ihre Gesamtums\u00e4tze waren, welche Ihrer Produkte am h\u00e4ufigsten und am seltensten gekauft wurden, dies ebenso f\u00fcr die Formate Ihrer Abz\u00fcge. Alle grafischen Daten k\u00f6nnen Sie f\u00fcr eigene [&hellip;]<\/p>\n","protected":false},"author":1,"featured_media":1044,"parent":0,"menu_order":0,"comment_status":"open","ping_status":"open","template":"","meta":{"_genesis_hide_title":false,"_genesis_hide_breadcrumbs":false,"_genesis_hide_singular_image":false,"_genesis_hide_footer_widgets":false,"_genesis_custom_body_class":"","_genesis_custom_post_class":"","_genesis_layout":"","footnotes":""},"_links":{"self":[{"href":"https:\/\/bytepix.de\/worp\/wp-json\/wp\/v2\/pages\/1017"}],"collection":[{"href":"https:\/\/bytepix.de\/worp\/wp-json\/wp\/v2\/pages"}],"about":[{"href":"https:\/\/bytepix.de\/worp\/wp-json\/wp\/v2\/types\/page"}],"author":[{"embeddable":true,"href":"https:\/\/bytepix.de\/worp\/wp-json\/wp\/v2\/users\/1"}],"replies":[{"embeddable":true,"href":"https:\/\/bytepix.de\/worp\/wp-json\/wp\/v2\/comments?post=1017"}],"version-history":[{"count":3,"href":"https:\/\/bytepix.de\/worp\/wp-json\/wp\/v2\/pages\/1017\/revisions"}],"predecessor-version":[{"id":1020,"href":"https:\/\/bytepix.de\/worp\/wp-json\/wp\/v2\/pages\/1017\/revisions\/1020"}],"wp:featuredmedia":[{"embeddable":true,"href":"https:\/\/bytepix.de\/worp\/wp-json\/wp\/v2\/media\/1044"}],"wp:attachment":[{"href":"https:\/\/bytepix.de\/worp\/wp-json\/wp\/v2\/media?parent=1017"}],"curies":[{"name":"wp","href":"https:\/\/api.w.org\/{rel}","templated":true}]}}