{"id":1021,"date":"2015-07-31T13:10:18","date_gmt":"2015-07-31T13:10:18","guid":{"rendered":"http:\/\/www.bytepix.de\/worp\/?page_id=1021"},"modified":"2015-08-14T09:57:12","modified_gmt":"2015-08-14T09:57:12","slug":"themes","status":"publish","type":"page","link":"https:\/\/bytepix.de\/worp\/themes\/","title":{"rendered":"Erscheinungsbild, variabel"},"content":{"rendered":"<p>Der Kundenteil von bytepix basiert auf Twitter Bootstrap.<br \/>\nBootstrap ist ein sehr weit verbreitetes Framework zur Erstellung von grafischen Benutzeroberfl\u00e4chen im Web. Doch keine Angst, Sie k\u00f6nnen auch ohne CSS-Kenntnisse Ver\u00e4nderungen am Aussehen Ihres bytepix vornehmen.<br \/>\nLaden Sie eigene Hintergrundbilder f\u00fcr die Login-Seite und f\u00fcr die \u00fcbrigen Seiten getrennt hoch. Setzen Sie Ihr Logo ein und tauschen Sie das Startfoto aus.<br \/>\nDie Inhalte des Kundenteils sind meist in \u201eBoxen\u201c organisiert. Auch das Hintergrundbild dieser Boxen k\u00f6nnen Sie ersetzen. Meist verwendet man hierzu einfarbige Fl\u00e4chen, die &#8211; und das ist besonders schick &#8211; halbtransparent sein k\u00f6nnen (.png-Format).<\/p>\n<p>Wenn Sie doch ein paar Kenntnisse in Sachen CSS besitzen oder jemanden Kennen, der Ihnen eine kleinen Tipp geben kann, so k\u00f6nnen Sie in der CSS-Datei aller Seiten bestimmte Dinge mit minimalem Aufwand \u00e4ndern. Diese CSS-Datei wird als letzte geladen und \u00fcberlagert alle vorherigen. Manche Kunden haben \u00fcber diesen Weg einen Rahmen um die Inhalts-Boxen gezaubert oder unterdr\u00fccken unerw\u00fcnschte Elemente der Oberfl\u00e4che damit.<\/p>\n","protected":false},"excerpt":{"rendered":"<p>Der Kundenteil von bytepix basiert auf Twitter Bootstrap. Bootstrap ist ein sehr weit verbreitetes Framework zur Erstellung von grafischen Benutzeroberfl\u00e4chen im Web. Doch keine Angst, Sie k\u00f6nnen auch ohne CSS-Kenntnisse Ver\u00e4nderungen am Aussehen Ihres bytepix vornehmen. Laden Sie eigene Hintergrundbilder f\u00fcr die Login-Seite und f\u00fcr die \u00fcbrigen Seiten getrennt hoch. Setzen Sie Ihr Logo ein [&hellip;]<\/p>\n","protected":false},"author":1,"featured_media":1042,"parent":0,"menu_order":0,"comment_status":"open","ping_status":"open","template":"","meta":{"_genesis_hide_title":false,"_genesis_hide_breadcrumbs":false,"_genesis_hide_singular_image":false,"_genesis_hide_footer_widgets":false,"_genesis_custom_body_class":"","_genesis_custom_post_class":"","_genesis_layout":"","footnotes":""},"_links":{"self":[{"href":"https:\/\/bytepix.de\/worp\/wp-json\/wp\/v2\/pages\/1021"}],"collection":[{"href":"https:\/\/bytepix.de\/worp\/wp-json\/wp\/v2\/pages"}],"about":[{"href":"https:\/\/bytepix.de\/worp\/wp-json\/wp\/v2\/types\/page"}],"author":[{"embeddable":true,"href":"https:\/\/bytepix.de\/worp\/wp-json\/wp\/v2\/users\/1"}],"replies":[{"embeddable":true,"href":"https:\/\/bytepix.de\/worp\/wp-json\/wp\/v2\/comments?post=1021"}],"version-history":[{"count":3,"href":"https:\/\/bytepix.de\/worp\/wp-json\/wp\/v2\/pages\/1021\/revisions"}],"predecessor-version":[{"id":1043,"href":"https:\/\/bytepix.de\/worp\/wp-json\/wp\/v2\/pages\/1021\/revisions\/1043"}],"wp:featuredmedia":[{"embeddable":true,"href":"https:\/\/bytepix.de\/worp\/wp-json\/wp\/v2\/media\/1042"}],"wp:attachment":[{"href":"https:\/\/bytepix.de\/worp\/wp-json\/wp\/v2\/media?parent=1021"}],"curies":[{"name":"wp","href":"https:\/\/api.w.org\/{rel}","templated":true}]}}