{"id":1078,"date":"2015-08-10T10:34:43","date_gmt":"2015-08-10T10:34:43","guid":{"rendered":"http:\/\/www.bytepix.de\/worp\/?page_id=1078"},"modified":"2020-07-22T18:33:30","modified_gmt":"2020-07-22T18:33:30","slug":"download-qr-sort","status":"publish","type":"page","link":"https:\/\/bytepix.de\/worp\/download\/download-qr-sort\/","title":{"rendered":"Download von &#8220;QR-Sort&#8221;"},"content":{"rendered":"<p>Auf dieser Seite k\u00f6nnen Sie sich das Programm \u201eQR-Sort\u201c f\u00fcr Ihr Betriebssystem herunterladen. Und zwar auch nur zum Ausprobieren!<\/p>\n<h3>Unterschied mit\/ohne Lizenz<\/h3>\n<p>\u201eQR-Sort\u201c ohne Lizenz sperrt den letzten Arbeitsschritt im Workflow, n\u00e4mlich das Einsortieren der Bilder in die Galerie-Ordner im Hotfolder. Sie k\u00f6nnen jedoch QR-Codes erzeugen und in Ihren Testbildern erkennen. Wenn Sie QR-Sort mit Ihrem bytepix verkn\u00fcpfen, stehen\u00a0auch alle anderen Funktionen zur Verf\u00fcgung.<br \/>\nEine Nutzungslizenz erwerben Sie in unserem <a href=\"http:\/\/www.bytepix.de\/worp\/shop\/\">Online-Shop<\/a>.<\/p>\n<h3>Zusammenarbeit mit &#8220;bytepix&#8221;<\/h3>\n<p>\u201eQR-Sort\u201c arbeitet normalerweise mit bytepix zusammen. Dies setzt eine <strong>Version 3.0.5 von bytepix<\/strong> oder neuer und ein aktuelles mitt3 voraus. Details zu den Unterschieden zwischen der Zusammenarbeit mit bytepix und ohne sowie zur Bedienung des Programms erfahren Sie <a href=\"http:\/\/www.bytepix.de\/docu\/qr-sort.php\">hier<\/a>.<\/p>\n<div class=\"one-half first\"><a href=\"http:\/\/www.bytepix.de\/bp3_scripts\/down-qr-sort.php?os=mac\"><img loading=\"lazy\" decoding=\"async\" class=\"alignleft wp-image-853 size-full\" src=\"https:\/\/bytepix.de\/worp\/wp-content\/uploads\/2014\/12\/download-circle.png\" alt=\"Download der Software 'qr-sort' f\u00fcr Mac OS\" width=\"60\" height=\"60\" \/><\/a><a href=\"http:\/\/www.bytepix.de\/bp3_scripts\/down-qr-sort.php?os=mac\"><strong>Mac OS X: QR-Sort.zip<\/strong><\/a><br \/>\nDoppelklicken Sie die heruntergeladene Datei zum Entpacken auf Ihrem Mac. Ziehen Sie anschlie\u00dfend die entpackte Datei &#8220;QR-Sort.app&#8221; auf Ihren Programme Ordner. Sie k\u00f6nnen Sie auch direkt von dort aus starten, wo Sie sie entpackt haben.<\/p>\n<pre>md5 = f2c129d86f8979ff828320c9bab34eab<\/pre>\n<\/div>\n<div class=\"one-half\"><a href=\"http:\/\/www.bytepix.de\/bp3_scripts\/down-qr-sort.php?os=win\"><img loading=\"lazy\" decoding=\"async\" class=\"alignleft wp-image-853 size-full\" src=\"http:\/\/www.bytepix.de\/worp\/wp-content\/uploads\/2014\/12\/download-circle.png\" alt=\"Download der Software 'qr-sort' f\u00fcr Windows\" width=\"60\" height=\"60\" \/><\/a><a href=\"http:\/\/www.bytepix.de\/bp3_scripts\/down-qr-sort.php?os=win\"><strong>Windows 7\/8\/8.1\/10: QR-Sort.exe<\/strong><\/a><br \/>\nDoppelklicken Sie die heruntergeladene Datei und folgen Sie den Installationsanweisungen. Anschlie\u00dfend finden Sie das Programm \u201eQR-Sort.exe\u201c \u00fcber Ihr Start-Men\u00fc unter \u201eAlle Programme\u201c im Ordner \u201eQR-Sort\u201c.<br \/>\nF\u00fcgen Sie \u201eQR-Sort.exe\u201c als Ausnahme zu Ihrem Firewall hinzu. \u201eQR-Sort.exe\u201c greift via HTTP (Port 80) auf das Internet zu.<\/p>\n<pre>md5 = 36a7363206a642a60650d68a2751a402<\/pre>\n<\/div>\n<p>Mit den md5-Werten k\u00f6nnen Sie \u00fcberpr\u00fcfen, ob die herunter geladenen Dateien auch tats\u00e4chlich von unserem Server stammen. Programme zur Berechnung des md5-Wertes finden Sie z.B. bei\u00a0<a href=\"http:\/\/www.heise.de\/download\/\" target=\"_blank\" rel=\"noopener noreferrer\">www.heise.de\/download\/<\/a>.<\/p>\n","protected":false},"excerpt":{"rendered":"<p>Auf dieser Seite k\u00f6nnen Sie sich das Programm \u201eQR-Sort\u201c f\u00fcr Ihr Betriebssystem herunterladen. Und zwar auch nur zum Ausprobieren! Unterschied mit\/ohne Lizenz \u201eQR-Sort\u201c ohne Lizenz sperrt den letzten Arbeitsschritt im Workflow, n\u00e4mlich das Einsortieren der Bilder in die Galerie-Ordner im Hotfolder. Sie k\u00f6nnen jedoch QR-Codes erzeugen und in Ihren Testbildern erkennen. Wenn Sie QR-Sort mit [&hellip;]<\/p>\n","protected":false},"author":1,"featured_media":0,"parent":900,"menu_order":0,"comment_status":"open","ping_status":"open","template":"","meta":{"_genesis_hide_title":false,"_genesis_hide_breadcrumbs":false,"_genesis_hide_singular_image":false,"_genesis_hide_footer_widgets":false,"_genesis_custom_body_class":"","_genesis_custom_post_class":"","_genesis_layout":"","footnotes":""},"_links":{"self":[{"href":"https:\/\/bytepix.de\/worp\/wp-json\/wp\/v2\/pages\/1078"}],"collection":[{"href":"https:\/\/bytepix.de\/worp\/wp-json\/wp\/v2\/pages"}],"about":[{"href":"https:\/\/bytepix.de\/worp\/wp-json\/wp\/v2\/types\/page"}],"author":[{"embeddable":true,"href":"https:\/\/bytepix.de\/worp\/wp-json\/wp\/v2\/users\/1"}],"replies":[{"embeddable":true,"href":"https:\/\/bytepix.de\/worp\/wp-json\/wp\/v2\/comments?post=1078"}],"version-history":[{"count":22,"href":"https:\/\/bytepix.de\/worp\/wp-json\/wp\/v2\/pages\/1078\/revisions"}],"predecessor-version":[{"id":1512,"href":"https:\/\/bytepix.de\/worp\/wp-json\/wp\/v2\/pages\/1078\/revisions\/1512"}],"up":[{"embeddable":true,"href":"https:\/\/bytepix.de\/worp\/wp-json\/wp\/v2\/pages\/900"}],"wp:attachment":[{"href":"https:\/\/bytepix.de\/worp\/wp-json\/wp\/v2\/media?parent=1078"}],"curies":[{"name":"wp","href":"https:\/\/api.w.org\/{rel}","templated":true}]}}