{"id":1256,"date":"2016-10-05T14:28:11","date_gmt":"2016-10-05T14:28:11","guid":{"rendered":"http:\/\/www.bytepix.de\/worp\/?page_id=1256"},"modified":"2020-07-22T18:34:15","modified_gmt":"2020-07-22T18:34:15","slug":"download-von-collect","status":"publish","type":"page","link":"https:\/\/bytepix.de\/worp\/download\/download-von-collect\/","title":{"rendered":"Download von &#8220;Collect&#8221;"},"content":{"rendered":"<p>Auf dieser Seite k\u00f6nnen Sie sich das Programm \u201eCollect\u201c f\u00fcr Ihr Betriebssystem herunterladen. Und zwar auch nur zum Ausprobieren!<\/p>\n<h3>Unterschied mit\/ohne Lizenz<\/h3>\n<p>Alle Funktionen stehen auch ohne Lizenz zur Verf\u00fcgung. Lediglich der letzte Schritt, das &#8220;Sammeln&#8221; der gefundenen Dateien in der Zielordner-Hierarchie ist ohne Lizenz nicht m\u00f6glich.<br \/>\nEine Nutzungslizenz erwerben Sie <strong>demn\u00e4chst<\/strong> in unserem <a href=\"http:\/\/www.bytepix.de\/worp\/shop\/\">Online-Shop<\/a>.<\/p>\n<h3>Zusammenarbeit mit &#8220;bytepix&#8221;<\/h3>\n<p>\u201eCollect\u201c arbeitet mit bytepix zusammen. Dies setzt eine <strong>Version 3.1 von bytepix<\/strong> oder neuer voraus. Details zur Bedienung des Programms erfahren Sie <a href=\"http:\/\/www.bytepix.de\/docu\/collect.php\">hier<\/a>.<\/p>\n<div class=\"one-half first\"><a href=\"http:\/\/www.bytepix.de\/bp3_scripts\/down-collect.php?os=mac\"><img loading=\"lazy\" decoding=\"async\" class=\"alignleft wp-image-853 size-full\" src=\"https:\/\/bytepix.de\/worp\/wp-content\/uploads\/2014\/12\/download-circle.png\" alt=\"Download der Software 'collect' f\u00fcr Mac OS\" width=\"60\" height=\"60\" \/><\/a><a href=\"http:\/\/www.bytepix.de\/bp3_scripts\/down-collect.php?os=mac\"><strong>Mac OS X: collect.zip<\/strong><\/a><br \/>\nDoppelklicken Sie die heruntergeladene Datei zum Entpacken auf Ihrem Mac. Ziehen Sie anschlie\u00dfend die entpackte Datei &#8220;collect.app&#8221; auf Ihren Programme Ordner. Sie k\u00f6nnen Sie auch direkt von dort aus starten, wo Sie sie entpackt haben.<\/p>\n<pre>md5 = fb017487a2c41ed52ae17cc86a95debc<\/pre>\n<\/div>\n<div class=\"one-half\"><a href=\"http:\/\/www.bytepix.de\/bp3_scripts\/down-collect.php?os=win\"><img loading=\"lazy\" decoding=\"async\" class=\"alignleft wp-image-853 size-full\" src=\"http:\/\/www.bytepix.de\/worp\/wp-content\/uploads\/2014\/12\/download-circle.png\" alt=\"Download der Software 'collect' f\u00fcr Windows\" width=\"60\" height=\"60\" \/><\/a><a href=\"http:\/\/www.bytepix.de\/bp3_scripts\/down-collect.php?os=win\"><strong>Windows 7\/8\/8.1\/10: collect.exe<\/strong><\/a><br \/>\nDoppelklicken Sie die heruntergeladene Datei und folgen Sie den Installationsanweisungen. Anschlie\u00dfend finden Sie das Programm \u201ecollect.exe\u201c \u00fcber Ihr Start-Men\u00fc unter \u201eAlle Programme\u201c im Ordner \u201ecollect\u201c.<br \/>\nF\u00fcgen Sie \u201ecollect.exe\u201c als Ausnahme zu Ihrem Firewall hinzu. \u201ecollect.exe\u201c greift via HTTP (Port 80) auf das Internet zu.<\/p>\n<pre>md5 = 7d42564171226efff718a694f203b2b5<\/pre>\n<\/div>\n<p>Mit den md5-Werten k\u00f6nnen Sie \u00fcberpr\u00fcfen, ob die herunter geladenen Dateien auch tats\u00e4chlich von unserem Server stammen. Programme zur Berechnung des md5-Wertes finden Sie z.B. bei\u00a0<a href=\"http:\/\/www.heise.de\/download\/\" target=\"_blank\" rel=\"noopener noreferrer\">www.heise.de\/download\/<\/a>.<\/p>\n","protected":false},"excerpt":{"rendered":"<p>Auf dieser Seite k\u00f6nnen Sie sich das Programm \u201eCollect\u201c f\u00fcr Ihr Betriebssystem herunterladen. Und zwar auch nur zum Ausprobieren! Unterschied mit\/ohne Lizenz Alle Funktionen stehen auch ohne Lizenz zur Verf\u00fcgung. Lediglich der letzte Schritt, das &#8220;Sammeln&#8221; der gefundenen Dateien in der Zielordner-Hierarchie ist ohne Lizenz nicht m\u00f6glich. Eine Nutzungslizenz erwerben Sie demn\u00e4chst in unserem Online-Shop. [&hellip;]<\/p>\n","protected":false},"author":1,"featured_media":0,"parent":900,"menu_order":1,"comment_status":"closed","ping_status":"closed","template":"","meta":{"_genesis_hide_title":false,"_genesis_hide_breadcrumbs":false,"_genesis_hide_singular_image":false,"_genesis_hide_footer_widgets":false,"_genesis_custom_body_class":"","_genesis_custom_post_class":"","_genesis_layout":"","footnotes":""},"_links":{"self":[{"href":"https:\/\/bytepix.de\/worp\/wp-json\/wp\/v2\/pages\/1256"}],"collection":[{"href":"https:\/\/bytepix.de\/worp\/wp-json\/wp\/v2\/pages"}],"about":[{"href":"https:\/\/bytepix.de\/worp\/wp-json\/wp\/v2\/types\/page"}],"author":[{"embeddable":true,"href":"https:\/\/bytepix.de\/worp\/wp-json\/wp\/v2\/users\/1"}],"replies":[{"embeddable":true,"href":"https:\/\/bytepix.de\/worp\/wp-json\/wp\/v2\/comments?post=1256"}],"version-history":[{"count":8,"href":"https:\/\/bytepix.de\/worp\/wp-json\/wp\/v2\/pages\/1256\/revisions"}],"predecessor-version":[{"id":1513,"href":"https:\/\/bytepix.de\/worp\/wp-json\/wp\/v2\/pages\/1256\/revisions\/1513"}],"up":[{"embeddable":true,"href":"https:\/\/bytepix.de\/worp\/wp-json\/wp\/v2\/pages\/900"}],"wp:attachment":[{"href":"https:\/\/bytepix.de\/worp\/wp-json\/wp\/v2\/media?parent=1256"}],"curies":[{"name":"wp","href":"https:\/\/api.w.org\/{rel}","templated":true}]}}