{"id":1283,"date":"2016-10-17T15:06:30","date_gmt":"2016-10-17T15:06:30","guid":{"rendered":"http:\/\/www.bytepix.de\/worp\/?page_id=1283"},"modified":"2019-10-03T10:49:51","modified_gmt":"2019-10-03T10:49:51","slug":"neue-funktionen-in-bytepix-3-1","status":"publish","type":"page","link":"https:\/\/bytepix.de\/worp\/neue-funktionen-in-bytepix-3-1\/","title":{"rendered":"Neue Funktionen in bytepix 3.1"},"content":{"rendered":"<p>Ende Oktober 2016 ist das kostenpflichtige <strong>Update auf Version 3.1<\/strong> von bytepix erschienen. Es bietet eine Vielzahl neuer Funktionen und Verbesserungen. Die umfangreichsten \u00c4nderungen finden Sie im Folgenden aufgelistet. Weitere \u00c4nderungen finden Sie <a href=\"http:\/\/www.bytepix.de\/worp\/hinweise-zu-den-versionen\/\">hier<\/a>.<\/p>\n<p>Bitte aktualisieren Sie Ihre Version des Programms <strong>&#8220;mitt3&#8221;<\/strong>. Wie das geht erfahren Sie <a href=\"http:\/\/www.bytepix.de\/docu\/update_mitt.php\" target=\"_blank\" rel=\"noopener noreferrer\">hier<\/a>. Nur nach einem Update stehen die Funktionen zum Generieren der Sepia- und Schwarzwei\u00dfansichten zur Verf\u00fcgung.<\/p>\n<p><!--<strong>Preise<\/strong> f\u00fcr die Vollversion und das Update finden Sie <a href=\"http:\/\/www.bytepix.de\/worp\/bytepix-preise\/\">hier<\/a>. Wir\u00a0<span style=\"line-height: 1.5;\">bieten Nachl\u00e4sse bei\u00a0verschiedenen Zentral-Eink\u00e4ufern.<\/span>\n\n--><\/p>\n<hr style=\"clear: both;\">\n<h2>Neue Produkt-Auswahl \/ Produktgruppen<img loading=\"lazy\" decoding=\"async\" class=\"alignright size-medium wp-image-1291\" src=\"http:\/\/www.bytepix.de\/worp\/wp-content\/uploads\/2016\/10\/produktgruppen-300x200.png\" alt=\"produktgruppen\" width=\"300\" height=\"200\"><\/h2>\n<p>F\u00fcr die Bestellung \u00fcber die Thumbnail-Darstellung oder die Einzelbild-Ansicht wurde der <a href=\"http:\/\/www.bytepix.de\/worp\/wp-content\/uploads\/2016\/10\/produkt-auswahl-kunde.png\" target=\"_blank\" rel=\"noopener noreferrer\">Bestelldialog<\/a> vereinheitlicht (Warenkorb-Symbol unter dem Bild). Fotoarbeiten k\u00f6nnen jetzt direkt in diesem Dialog <a href=\"http:\/\/www.bytepix.de\/worp\/wp-content\/uploads\/2016\/10\/fotoarbeit-zusammenstellen.png\" target=\"_blank\" rel=\"noopener noreferrer\">zusammengestellt<\/a> werden. Produkte k\u00f6nnen zu Produktgruppen zusammengefasst werden, damit bei vielen Produkten, Ihr Kunde den \u00dcberblick beh\u00e4lt.<\/p>\n<hr style=\"clear: both;\">\n<h2>Galerien nachladen<\/h2>\n<p><img loading=\"lazy\" decoding=\"async\" class=\"alignleft size-medium wp-image-1289\" src=\"http:\/\/www.bytepix.de\/worp\/wp-content\/uploads\/2016\/10\/nachladen-300x200.png\" alt=\"nachladen\" width=\"300\" height=\"200\">F\u00fcr die Kindergarten und Schulfotografie haben wir die M\u00f6glichkeit realisiert, weitere Galerien, deren Galerie-Passworte bekannt sind, nachzuladen. Dies ist bspw. f\u00fcr Eltern interessant, die mehrere Kinder in unterschiedlichen Klassen auf einer Schule haben und deshalb mehrere Codes zur Anmeldung zugewiesen bekommen.<\/p>\n<hr style=\"clear: both;\">\n<h2>Wieder da: Sepia und Schwarzwei\u00df<img loading=\"lazy\" decoding=\"async\" class=\"alignright size-medium wp-image-1292\" src=\"http:\/\/www.bytepix.de\/worp\/wp-content\/uploads\/2016\/10\/schwarzweiss-300x200.png\" alt=\"schwarzweiss\" width=\"300\" height=\"200\"><\/h2>\n<p>Mit der \u00fcberarbeiteten Produktauswahl wurde es &nbsp;wieder m\u00f6glich, die Schwarzwei\u00df- und Sepia-Darstellung von Bildern zu realisieren. Diese Varianten m\u00fcssen zuvor in geeigneter Weise \u00fcber das Programm mitt3 erzeugt und hochgeladen worden sein. Au\u00dferdem muss mindestens ein Format die entsprechenden Varianten anbieten.&nbsp;Die Darstellung w\u00e4re sonst&nbsp;\u00fcberfl\u00fcssig, da die Varianten nicht bestellt werden k\u00f6nnten.<\/p>\n<p>Komponenten von Fotoarbeiten k\u00f6nnen ebenfalls schwarzwei\u00df oder sepiafarben gesetzt und bestellt werden. Dies ist keine &#8220;Komponenten-Variante&#8221;, sondern lediglich&nbsp;ein Text-Zusatz am Bild in der Bestellposition.<\/p>\n<hr style=\"clear: both;\">\n<h2>\u00dcberarbeitete \u201eMobile App\u201c<\/h2>\n<p><img loading=\"lazy\" decoding=\"async\" class=\"alignleft wp-image-1288 size-medium\" style=\"margin: 20px 40px 0 0;\" src=\"http:\/\/www.bytepix.de\/worp\/wp-content\/uploads\/2016\/10\/mobile-app-200x300.png\" alt=\"mobile-app\" width=\"200\" height=\"300\"><\/p>\n<p>Die sogenannte \u201eMobile App\u201c, also die Darstellung und Bedienung des Webshop f\u00fcr Handys wurde \u00fcberarbeitet. Die Mobile App unterst\u00fctzt jetzt:<\/p>\n<ul>\n<li>\u00f6ffentliche Galerien<\/li>\n<li>Fotoarbeiten<\/li>\n<li>Fremdsprachen<\/li>\n<li>Doppelklick in der Einzelbild-Ansicht, um das Bild in voller Gr\u00f6\u00dfe zu sehen<\/li>\n<li>eine Kurzanleitung wurde integriert<\/li>\n<li>zus\u00e4tzlicher Dialog &#8220;Was m\u00f6chten Sie als N\u00e4chstes tun?&#8221; nach dem Zuordnen eines Bildes zu einer Fotoarbeit<\/li>\n<li>sepia\/schwarzwei\u00df Umschaltung, falls entsprechende Bildvarianten via mitt3 hochgeladen wurden und diese auch bestellt werden k\u00f6nnen.<\/li>\n<\/ul>\n<hr style=\"clear: both;\">\n<h2>Kunden Infobox<img loading=\"lazy\" decoding=\"async\" class=\"size-medium wp-image-1286 alignright\" src=\"http:\/\/www.bytepix.de\/worp\/wp-content\/uploads\/2016\/10\/infobox-300x200.png\" alt=\"infobox\" width=\"300\" height=\"200\"><\/h2>\n<p>\u00dcber allen wesentlichen Masken des Verwaltungsteils von bytepix finden Sie jetzt eine auf- oder zuklappbare Infobox. Sie enth\u00e4lt wesentliche Informationen zum aktuell gew\u00e4hlten Kunden, erleichtert so den \u00dcberblick und die Navigation, falls Sie etwas \u00e4ndern wollen.<\/p>\n<hr style=\"clear: both;\">\n<h2>Bestell-Status<\/h2>\n<p><img loading=\"lazy\" decoding=\"async\" class=\"alignleft size-full wp-image-1285\" src=\"http:\/\/www.bytepix.de\/worp\/wp-content\/uploads\/2016\/10\/bestell-status.png\" alt=\"bestell-status\" width=\"299\" height=\"200\">Mit Hilfe anklickbarer Icons k\u00f6nnen Sie jetzt, den Status einer Bestellung in Ihrem Workflow kennzeichnen. Wir entschieden uns f\u00fcr die drei Statii &#8220;bezahlt&#8221;, &#8220;produziert&#8221;, &#8220;ausgeliefert&#8221;, die wohl zu jedem Workflow passen d\u00fcrften. Sie entscheiden, wann Sie den Status \u00e4ndern. Bei Bezahlung mit PayPal (nur Desktop Version) oder via Sofort-\u00dcberweisung wird der Status \u201ebezahlt\u201c automatisch gesetzt.<\/p>\n<hr style=\"clear: both;\">\n<h2>E-Mail Vorlagen<img loading=\"lazy\" decoding=\"async\" class=\"alignright size-medium wp-image-1287\" src=\"http:\/\/www.bytepix.de\/worp\/wp-content\/uploads\/2016\/10\/mail-vorlagen-300x200.png\" alt=\"mail-vorlagen\" width=\"300\" height=\"200\"><\/h2>\n<p>In der neuen Version k\u00f6nnen Sie eigene E-Mail-Texte (Vorlagen) anlegen und nutzen. Bei jedem Aufruf des E-Mail-Werkzeugs k\u00f6nnen Sie einen anderen als den vorgegebenen Text ausw\u00e4hlen und versenden. Platzhalter werden, wenn m\u00f6glich, ersetzt. Je nach Kontext wird die Bestellbest\u00e4tigung als Anhang mit versandt.<\/p>\n<hr style=\"clear: both;\">\n<h2>Newsletter<\/h2>\n<p><img loading=\"lazy\" decoding=\"async\" class=\"size-medium wp-image-1290 alignleft\" src=\"http:\/\/www.bytepix.de\/worp\/wp-content\/uploads\/2016\/10\/open-letters-300x200.png\" alt=\"open-letters\" width=\"300\" height=\"200\">Basierend auf der OpenSource-Software Open-Letters wurde ein einfaches Newsletter-System in bytepix integriert. Es bietet Double-Optin, die Nutzung von Info-Seiten als Newsletter-Inhalte sowie die Daten\u00fcbernahme der Adressen aus bytepix.<\/p>\n<hr style=\"clear: both;\">\n<h2>Bezahlung via SOFORT-\u00dcberweisung<img loading=\"lazy\" decoding=\"async\" class=\"alignright size-medium wp-image-1293\" src=\"http:\/\/www.bytepix.de\/worp\/wp-content\/uploads\/2016\/10\/sofort-300x200.png\" alt=\"sofort\" width=\"300\" height=\"200\"><\/h2>\n<p>Die Sofort GmbH bietet einen g\u00fcnstigen Zahlungs-Service an. bytepix bietet hierzu ab Version 3.1 eine Schnittstelle. D.h., wenn Ihr Kunde die Zahlungsweise \u201eVorkasse\u201c w\u00e4hlt und Sie die Schnittstelle eingerichtet haben, kann er \u00fcber diesen Zahlungs-Service direkt das Geld an Sie \u00fcberweisen.<\/p>\n<hr style=\"clear: both;\">\n<p><!--\n\n\n<h2>Neues Helferlein \u201eCollect\u201c<\/h2>\n\n\n<img loading=\"lazy\" decoding=\"async\" class=\"size-medium wp-image-1274 alignleft\" src=\"http:\/\/www.bytepix.de\/worp\/wp-content\/uploads\/2016\/10\/collect-box-300x200.png\" alt=\"collect-box\" width=\"300\" height=\"200\" \/>Zu den Programmen \u201emitt3\u201c und \u201eQR-Sort\u201c gibt es ab Version 3.1 ein weiteres, kostenpflichtiges Zusatzprogramm, das Ihnen die Arbeit auf Ihrem PC erleichtern soll. \u201eCollect\u201c sucht anhand einer oder mehrere Bestellungen alle Bilder zusammen, die in der Bestellung angefordert wurden. Entweder erstellt es eine Kopie der Bilder oder verkn\u00fcpft das Original der gefundenen Dateien in eine Hierachie von Ordnern und Unterordnern.\n\nDiese Zielordner-Hierarchie kann z.B. aus Bestellnummer, Format und gew\u00fcnschter Anzahl bestehen. Einige Labore unterst\u00fctzen solche Strukturen direkt, sodass Sie nur noch den kompletten Ordner ans Labor \u00fcbertragen m\u00fcssen, um die Bestellung abzuwickeln.\n--><\/p>\n<hr style=\"clear: both;\">\n<p style=\"text-align: center;\"><strong><em>Weiter Neuerungen, Verbesserungen und \u00c4nderungen finden Sie in unserem <a href=\"http:\/\/www.bytepix.de\/worp\/hinweise-zu-den-versionen\/\">Versions-Hinweisen<\/a>.<\/em><\/strong><\/p>\n<hr style=\"clear: both;\">\n","protected":false},"excerpt":{"rendered":"<p>Ende Oktober 2016 ist das kostenpflichtige Update auf Version 3.1 von bytepix erschienen. Es bietet eine Vielzahl neuer Funktionen und Verbesserungen. Die umfangreichsten \u00c4nderungen finden Sie im Folgenden aufgelistet. Weitere \u00c4nderungen finden Sie hier. Bitte aktualisieren Sie Ihre Version des Programms &#8220;mitt3&#8221;. Wie das geht erfahren Sie hier. Nur nach einem Update stehen die Funktionen [&hellip;]<\/p>\n","protected":false},"author":1,"featured_media":1381,"parent":0,"menu_order":0,"comment_status":"closed","ping_status":"closed","template":"","meta":{"_genesis_hide_title":false,"_genesis_hide_breadcrumbs":false,"_genesis_hide_singular_image":false,"_genesis_hide_footer_widgets":false,"_genesis_custom_body_class":"","_genesis_custom_post_class":"","_genesis_layout":"","footnotes":""},"_links":{"self":[{"href":"https:\/\/bytepix.de\/worp\/wp-json\/wp\/v2\/pages\/1283"}],"collection":[{"href":"https:\/\/bytepix.de\/worp\/wp-json\/wp\/v2\/pages"}],"about":[{"href":"https:\/\/bytepix.de\/worp\/wp-json\/wp\/v2\/types\/page"}],"author":[{"embeddable":true,"href":"https:\/\/bytepix.de\/worp\/wp-json\/wp\/v2\/users\/1"}],"replies":[{"embeddable":true,"href":"https:\/\/bytepix.de\/worp\/wp-json\/wp\/v2\/comments?post=1283"}],"version-history":[{"count":32,"href":"https:\/\/bytepix.de\/worp\/wp-json\/wp\/v2\/pages\/1283\/revisions"}],"predecessor-version":[{"id":1485,"href":"https:\/\/bytepix.de\/worp\/wp-json\/wp\/v2\/pages\/1283\/revisions\/1485"}],"wp:featuredmedia":[{"embeddable":true,"href":"https:\/\/bytepix.de\/worp\/wp-json\/wp\/v2\/media\/1381"}],"wp:attachment":[{"href":"https:\/\/bytepix.de\/worp\/wp-json\/wp\/v2\/media?parent=1283"}],"curies":[{"name":"wp","href":"https:\/\/api.w.org\/{rel}","templated":true}]}}