{"id":1481,"date":"2019-10-03T10:37:34","date_gmt":"2019-10-03T10:37:34","guid":{"rendered":"https:\/\/www.bytepix.de\/worp\/?page_id=1481"},"modified":"2022-11-08T14:43:07","modified_gmt":"2022-11-08T14:43:07","slug":"shop","status":"publish","type":"page","link":"https:\/\/bytepix.de\/worp\/shop\/","title":{"rendered":"Vertrieb eingestellt"},"content":{"rendered":"<p>Wir haben den Vertrieb unserer Produkte zum 1.10.2019 eingestellt.<br \/>Support leisten wir noch bis zum 31.12.2019.<br \/>Ab 1.12.2019 nur noch per E-Mail.<\/p>\n<p>Mit Ihrem Download-Code k\u00f6nnen Sie weiterhin die Software <a href=\"https:\/\/bytepix.de\/worp\/download\/\">herunterladen<\/a>.<\/p>\n<p>Im Folgenden erfahren Sie<\/p>\n<ul>\n<li>wie Sie bytepix weiter nutzen k\u00f6nnen,<\/li>\n<li>bis wann dies voraussichtlich m\u00f6glich ist,<\/li>\n<li>wo Sie Hilfe finden,<\/li>\n<li>und wie Mac OS 10.15 &#8220;<a href=\"#catalina\">Catalina<\/a>&#8221; unterst\u00fctzt wird.<\/li>\n<\/ul>\n<h3>Kann ich bytepix weiter nutzen?<\/h3>\n<p>Selbstverst\u00e4ndlich k\u00f6nnen Sie bytepix weiter nutzen. Sie haben eine zeitlich unbeschr\u00e4nkte Nutzungslizenz zum Betrieb unter einer Domain erworben. Die Software l\u00e4uft auf einem von Ihnen (bei einem Hoster) angemieteten oder eigenen Webserver. Das Programm &#8220;mitt3&#8221; k\u00f6nnen Sie auf beliebig vielen, geeigneten Rechnern installieren, solange das Betriebsystem dies zul\u00e4sst.<\/p>\n<h3>Wie lange kann ich bytepix noch weiter nutzen?<\/h3>\n<p>Zur Ausf\u00fchrung der Software muss Ihr Webserver die Programmiersprache PHP unterst\u00fctzen. Aktuell ist hier die Version PHP 7.2, f\u00fcr die bytepix 3.1.5 freigegeben ist. Eine weitere Voraussetzung ist die MySQL-Datenbank. bytepix 3.1.5 unterst\u00fctzt die MySQL-Serverversion 5.7.<\/p>\n<p>Bzgl. eines Betriebs unter PHP 7.3 sind uns bislang keine Probleme bekannt. Das ist zwar kein Ersatz f\u00fcr einen umfangreichen Test und anschlie\u00dfende Freigabe, aber bytepix scheint auch hier problemlos zu laufen.<\/p>\n<p>Wir sch\u00e4tzen also, dass Sie bytepix noch weitere 2 bis 4 Jahre laufen lassen k\u00f6nnen (Stand Ende 2019).<\/p>\n<p>bytepix 3.1.5 scheint problemlos unter PHP 8.0 und 8.1 zu funktionieren (keine Garantie), wenn man die Software zum Mailversand durch eine neuere Version ersetzt:<\/p>\n<ul>\n<li>l\u00f6schen Sie hierzu auf Ihrem WebServer den Ordner &#8230;\/bytepix\/mailer\/<\/li>\n<li>laden Sie sich das folgende zip-Archiv herunter: <a href=\"https:\/\/bytepix.de\/permanent\/mailer.zip\">mailer.zip<\/a> (scha256 = ec04945460849cba4216fc35aa78437a250edaf5297bb26b79fd960f711a5d78)<\/li>\n<li>entpacken Sie dieses Archiv auf Ihrem WebServer im Ordner &#8230;\/bytepix\/ oder <br \/>legen Sie auf Ihrem WebServer einen neuen Ordner &#8220;mailer&#8221; im Ordner &#8220;bytepix&#8221; an und kopieren Sie die im zip-Archiv enthaltenen .php-Dateien dorthinein<\/li>\n<\/ul>\n<h3>Wo erhalte ich Unterst\u00fctzung\/Support?<\/h3>\n<p>Unser Support endet am 31.12.2019.<\/p>\n<p>Eine wichtige Quelle f\u00fcr L\u00f6sungen ist unsere <a href=\"https:\/\/bytepix.de\/worp\/bedienung\/\">Doku<\/a>.<\/p>\n<p>Da bytepix in der Programmiersprache PHP entwickelt wurde, kann theoretisch jeder, der diese Sprache kennt, Fehler analysieren und nach L\u00f6sungen suchen. Jede Werbeagentur, die Web-Seiten erstellt, holt sich Unterst\u00fctzung von oder hat eigene PHP-Programmierer. <br \/>Meist haben Fehler ihre Ursache jedoch nicht im Programm-Code sondern in \u00dcberlastungen des Webservers (Speicherplatz) oder in ge\u00e4nderten Einstellungen oder Fehlkonfigurationen des Servers oder von bytepix selbst. Auch hier k\u00f6nnen Webseiten-Ersteller und unsere Doku ggf. helfen.<\/p>\n<h3 id=\"catalina\">Mac OS 10.15 &#8220;Catalina&#8221;<\/h3>\n<p>Das neue Betriebssystem Catalina f\u00fcr Apple Computer unterst\u00fctzt nur noch 64-Bit-Programme. Im aktuellen Download-Paket zur Lizenz 3.1 von bytepix befindet sich ein Unterordner, der eine 64-Bit-Version des Programms &#8220;mitt3&#8221; enth\u00e4lt. Lizenzen zu \u00e4lteren Versionen von bytepix beinhalten dieses Programm nicht.<\/p>\n\n\n<p><\/p>\n","protected":false},"excerpt":{"rendered":"<p>Wir haben den Vertrieb unserer Produkte zum 1.10.2019 eingestellt.Support leisten wir noch bis zum 31.12.2019.Ab 1.12.2019 nur noch per E-Mail. Mit Ihrem Download-Code k\u00f6nnen Sie weiterhin die Software herunterladen. Im Folgenden erfahren Sie wie Sie bytepix weiter nutzen k\u00f6nnen, bis wann dies voraussichtlich m\u00f6glich ist, wo Sie Hilfe finden, und wie Mac OS 10.15 &#8220;Catalina&#8221; [&hellip;]<\/p>\n","protected":false},"author":1,"featured_media":0,"parent":0,"menu_order":0,"comment_status":"closed","ping_status":"closed","template":"","meta":{"_genesis_hide_title":false,"_genesis_hide_breadcrumbs":false,"_genesis_hide_singular_image":false,"_genesis_hide_footer_widgets":false,"_genesis_custom_body_class":"","_genesis_custom_post_class":"","_genesis_layout":"","footnotes":""},"_links":{"self":[{"href":"https:\/\/bytepix.de\/worp\/wp-json\/wp\/v2\/pages\/1481"}],"collection":[{"href":"https:\/\/bytepix.de\/worp\/wp-json\/wp\/v2\/pages"}],"about":[{"href":"https:\/\/bytepix.de\/worp\/wp-json\/wp\/v2\/types\/page"}],"author":[{"embeddable":true,"href":"https:\/\/bytepix.de\/worp\/wp-json\/wp\/v2\/users\/1"}],"replies":[{"embeddable":true,"href":"https:\/\/bytepix.de\/worp\/wp-json\/wp\/v2\/comments?post=1481"}],"version-history":[{"count":10,"href":"https:\/\/bytepix.de\/worp\/wp-json\/wp\/v2\/pages\/1481\/revisions"}],"predecessor-version":[{"id":1524,"href":"https:\/\/bytepix.de\/worp\/wp-json\/wp\/v2\/pages\/1481\/revisions\/1524"}],"wp:attachment":[{"href":"https:\/\/bytepix.de\/worp\/wp-json\/wp\/v2\/media?parent=1481"}],"curies":[{"name":"wp","href":"https:\/\/api.w.org\/{rel}","templated":true}]}}