{"id":2,"date":"2014-11-08T19:50:18","date_gmt":"2014-11-08T19:50:18","guid":{"rendered":"http:\/\/www.bytepix.de\/worp\/?page_id=2"},"modified":"2018-08-31T10:04:15","modified_gmt":"2018-08-31T10:04:15","slug":"produkt-ueberblick","status":"publish","type":"page","link":"https:\/\/bytepix.de\/worp\/produkt-ueberblick\/","title":{"rendered":"Produkt &#8211; \u00dcberblick"},"content":{"rendered":"<p>bytepix erm\u00f6glicht es, digitales Bildmaterial im Internet zu ver\u00f6ffentlichen. Bilder werden dabei zu elektronischen Fotogalerien thematisch (Hochzeit, Familienfeier, sonstige Events) oder f\u00fcr einen Kunden zusammengefasst. Zugang zur jeweiligen Galerie erh\u00e4lt der Kunde durch ein frei w\u00e4hlbares Passwort, das auch dritten Personen zur Verf\u00fcgung gestellt werden kann.<br \/>\n\u00d6ffentliche Galerien sind ebenfalls m\u00f6glich.<\/p>\n<p>Die Besucher der Online-Galerie bl\u00e4ttern in verkleinerten Ansichten der ver\u00f6ffentlichten Bilder, betrachten vergr\u00f6\u00dferte Einzelansichten und bestellen Abz\u00fcge oder Fotoarbeiten (Sets, Pakete, Kalender, etc.) bei Ihnen. In einheitlichem oder gemischten Formaten.<\/p>\n<p>Der durch ein besonderes Passwort gesch\u00fctzte Verwaltungsteil erm\u00f6glicht es, Galerien anzulegen, die Preise der Abz\u00fcge festzulegen und die eingegangenen Bestellungen zu bearbeiten. Au\u00dferdem k\u00f6nnen viele weitere Eigenschaften der Galerien individuell festgelegt werden (Staffelpreise, befristete Rabatte, Einmalpreis, Texte, Layouts, u.v.a.m.).<\/p>\n<h4>PHP-Software f\u00fcr Ihre Homepage<\/h4>\n<p>All diese Funktionen werden durch eine Software (PHP-Skripte) erm\u00f6glicht, die auf Ihrem PHP-f\u00e4higen Web-Server (=Homepage) installiert wird. Sie erwerben hierzu eine Nutzungs-Lizenz.<\/p>\n<h4>\u201emitt\u201c &#8211; multiple image transform and transfer<\/h4>\n<p>Dar\u00fcber hinaus geh\u00f6rt zum Lieferumfang ein Programm zur Erzeugung und \u00dcbertragung der Bild-Voransichten. Originale bleiben unver\u00e4ndert und werden nicht auf den Server \u00fcbertragen.<br \/>\n<!-- \n\n<h4>Bilder \u201ezum Herunterladen\u201c anbieten<\/h4>\n\n\nDurch Anmieten von \"Download-Speicherplatz\" - hochaufgel\u00f6ste Bilder ben\u00f6tigen viel Speicherplatz \u2013 k\u00f6nnen Sie Ihre Bilder jetzt auch \"zum Herunterladen\" anbieten. Es k\u00f6nnen jeweils nur die Bilder heruntergeladen werden, die der Kunde bestellt und bezahlt hat und die Sie freigegeben haben. Freigabe- und Zugriffs-Funktionalit\u00e4t sind Bestandteil des angemieteten Services\u00a0\"Download-Speicherplatz\".--><\/p>\n<h4>&#8220;QR-Sort&#8221; f\u00fcr Kindergarten- und Schulfotografie<\/h4>\n<p>F\u00fcr die Kindergarten- und Schulfotografie ben\u00f6tigt man sehr viele Bild-Galerien, die jeweils durch ein individuelles Passwort gesch\u00fctzt sind. Mit bytepix kein Problem! Wie mit einer Fernbedienung erzeugt das Programm \u201emitt\u201c oder &#8220;QR-Sort&#8221; beliebig viele Galerien und Passworte auf Knopfdruck.<br \/>\n\u201eQR-Sort\u201c generiert aus solchen Passworten QR-Codes und druckt diese aus. Es erkennt die Codes in den Bildern und ordnet sie so den Galerien vollautomatisch zu.<\/p>\n","protected":false},"excerpt":{"rendered":"<p>bytepix erm\u00f6glicht es, digitales Bildmaterial im Internet zu ver\u00f6ffentlichen. Bilder werden dabei zu elektronischen Fotogalerien thematisch (Hochzeit, Familienfeier, sonstige Events) oder f\u00fcr einen Kunden zusammengefasst. Zugang zur jeweiligen Galerie erh\u00e4lt der Kunde durch ein frei w\u00e4hlbares Passwort, das auch dritten Personen zur Verf\u00fcgung gestellt werden kann. \u00d6ffentliche Galerien sind ebenfalls m\u00f6glich. Die Besucher der Online-Galerie [&hellip;]<\/p>\n","protected":false},"author":1,"featured_media":0,"parent":0,"menu_order":0,"comment_status":"open","ping_status":"open","template":"","meta":{"_genesis_hide_title":false,"_genesis_hide_breadcrumbs":false,"_genesis_hide_singular_image":false,"_genesis_hide_footer_widgets":false,"_genesis_custom_body_class":"","_genesis_custom_post_class":"","_genesis_layout":"","footnotes":""},"_links":{"self":[{"href":"https:\/\/bytepix.de\/worp\/wp-json\/wp\/v2\/pages\/2"}],"collection":[{"href":"https:\/\/bytepix.de\/worp\/wp-json\/wp\/v2\/pages"}],"about":[{"href":"https:\/\/bytepix.de\/worp\/wp-json\/wp\/v2\/types\/page"}],"author":[{"embeddable":true,"href":"https:\/\/bytepix.de\/worp\/wp-json\/wp\/v2\/users\/1"}],"replies":[{"embeddable":true,"href":"https:\/\/bytepix.de\/worp\/wp-json\/wp\/v2\/comments?post=2"}],"version-history":[{"count":9,"href":"https:\/\/bytepix.de\/worp\/wp-json\/wp\/v2\/pages\/2\/revisions"}],"predecessor-version":[{"id":1465,"href":"https:\/\/bytepix.de\/worp\/wp-json\/wp\/v2\/pages\/2\/revisions\/1465"}],"wp:attachment":[{"href":"https:\/\/bytepix.de\/worp\/wp-json\/wp\/v2\/media?parent=2"}],"curies":[{"name":"wp","href":"https:\/\/api.w.org\/{rel}","templated":true}]}}