{"id":298,"date":"2012-10-04T20:11:44","date_gmt":"2012-10-04T20:11:44","guid":{"rendered":"http:\/\/demo.studiopress.com\/executive-two\/?page_id=298"},"modified":"2015-08-14T09:31:48","modified_gmt":"2015-08-14T09:31:48","slug":"auswahl-speicherbar","status":"publish","type":"page","link":"https:\/\/bytepix.de\/worp\/auswahl-speicherbar\/","title":{"rendered":"Auswahl, speicherbar"},"content":{"rendered":"<p><a href=\"http:\/\/www.bytepix.de\/worp\/wp-content\/uploads\/2015\/08\/cart-store.png\"><img loading=\"lazy\" decoding=\"async\" class=\"alignleft wp-image-1046 size-thumbnail\" src=\"http:\/\/www.bytepix.de\/worp\/wp-content\/uploads\/2015\/08\/cart-store-150x150.png\" alt=\"cart-store\" width=\"150\" height=\"150\" \/><\/a>Ihre Kunden k\u00f6nnen den Warenkorbinhalt und die Auswahl im Merkzettel speichern, sobald sie sich abmelden. Und zwar ohne eine Bestellung auszuf\u00fchren. So l\u00e4sst sich bei einem neuen Besuch die Erstauswahl von Bildern ganz bequem erg\u00e4nzen oder verfeinern.<br \/>\nNat\u00fcrlich ist es auch m\u00f6glich, den alten Warenkorb-Inhalt komplett zu l\u00f6schen und dann Bilder neu zu bestellen.<\/p>\n<p>Praktisch: Ihre Kunden nutzen das Smartphone, um eine Vorauswahl zu treffen. Sie speichern die Auswahl beim Logout und lassen sich den Warenkorb-Code per E-Mail zusenden. Zuhause am PC kann der Code dann verwendet werden, die alte Auswahl wieder herzustellen.<\/p>\n","protected":false},"excerpt":{"rendered":"<p>Ihre Kunden k\u00f6nnen den Warenkorbinhalt und die Auswahl im Merkzettel speichern, sobald sie sich abmelden. Und zwar ohne eine Bestellung auszuf\u00fchren. So l\u00e4sst sich bei einem neuen Besuch die Erstauswahl von Bildern ganz bequem erg\u00e4nzen oder verfeinern. Nat\u00fcrlich ist es auch m\u00f6glich, den alten Warenkorb-Inhalt komplett zu l\u00f6schen und dann Bilder neu zu bestellen. Praktisch: [&hellip;]<\/p>\n","protected":false},"author":1,"featured_media":1046,"parent":0,"menu_order":0,"comment_status":"open","ping_status":"open","template":"","meta":{"_genesis_hide_title":false,"_genesis_hide_breadcrumbs":false,"_genesis_hide_singular_image":false,"_genesis_hide_footer_widgets":false,"_genesis_custom_body_class":"","_genesis_custom_post_class":"","_genesis_layout":"full-width-content","footnotes":""},"_links":{"self":[{"href":"https:\/\/bytepix.de\/worp\/wp-json\/wp\/v2\/pages\/298"}],"collection":[{"href":"https:\/\/bytepix.de\/worp\/wp-json\/wp\/v2\/pages"}],"about":[{"href":"https:\/\/bytepix.de\/worp\/wp-json\/wp\/v2\/types\/page"}],"author":[{"embeddable":true,"href":"https:\/\/bytepix.de\/worp\/wp-json\/wp\/v2\/users\/1"}],"replies":[{"embeddable":true,"href":"https:\/\/bytepix.de\/worp\/wp-json\/wp\/v2\/comments?post=298"}],"version-history":[{"count":7,"href":"https:\/\/bytepix.de\/worp\/wp-json\/wp\/v2\/pages\/298\/revisions"}],"predecessor-version":[{"id":1048,"href":"https:\/\/bytepix.de\/worp\/wp-json\/wp\/v2\/pages\/298\/revisions\/1048"}],"wp:featuredmedia":[{"embeddable":true,"href":"https:\/\/bytepix.de\/worp\/wp-json\/wp\/v2\/media\/1046"}],"wp:attachment":[{"href":"https:\/\/bytepix.de\/worp\/wp-json\/wp\/v2\/media?parent=298"}],"curies":[{"name":"wp","href":"https:\/\/api.w.org\/{rel}","templated":true}]}}