{"id":325,"date":"2012-10-08T14:37:24","date_gmt":"2012-10-08T14:37:24","guid":{"rendered":"http:\/\/demo.studiopress.com\/executive-two\/?page_id=325"},"modified":"2015-11-10T15:29:54","modified_gmt":"2015-11-10T15:29:54","slug":"bedienung","status":"publish","type":"page","link":"https:\/\/bytepix.de\/worp\/bedienung\/","title":{"rendered":"Bedienungsanleitungen"},"content":{"rendered":"<div class=\"one-half first\">\n<h3 style=\"text-align: center; padding-bottom: 100px;\"><a style=\"text-decoration: underline;\" title=\"Doku-Neu\" href=\"http:\/\/www.bytepix.de\/docu\/intro.php\" target=\"_blank\">ab Version 3.0<\/a><\/h3>\n<\/div>\n<div class=\"one-half\">\n<h3 style=\"text-align: center; padding-bottom: 100px;\"><a style=\"text-decoration: underline;\" title=\"Bedienungsanleitung der alten Versionen (&lt; 3.0)\" href=\"http:\/\/www.bytepix.de\/worp\/bedienung-alte-version\/\">f\u00fcr 2.9.6 und fr\u00fcher<\/a><\/h3>\n<\/div>\n<h1 style=\"text-align: center; padding: 80px 0 0 0;\">Screencasts zur Einf\u00fchrung<\/h1>\n<div class=\"one-fourth first\" style=\"text-align: center;\"><a href=\"http:\/\/www.bytepix.de\/worp\/intro-clip1\/\"><img decoding=\"async\" class=\"aligncenter wp-image-1179 size-thumbnail\" style=\"margin-bottom: 0;\" src=\"http:\/\/www.bytepix.de\/worp\/wp-content\/uploads\/2015\/11\/screencast-startbild-150x150.png\" alt=\"Konfiguration, Formate &amp; Preise\" width=\"150\" srcset=\"https:\/\/bytepix.de\/worp\/wp-content\/uploads\/2015\/11\/screencast-startbild-150x150.png 150w, https:\/\/bytepix.de\/worp\/wp-content\/uploads\/2015\/11\/screencast-startbild.png 300w\" sizes=\"(max-width: 150px) 100vw, 150px\" \/><\/a><br \/>\nKonfiguration, Formate &amp; Preise<\/div>\n<div class=\"one-fourth\" style=\"text-align: center;\"><a href=\"http:\/\/www.bytepix.de\/worp\/intro-clip2\/\"><img decoding=\"async\" class=\"aligncenter wp-image-1179 size-thumbnail\" style=\"margin-bottom: 0;\" src=\"http:\/\/www.bytepix.de\/worp\/wp-content\/uploads\/2015\/11\/screencast-startbild-150x150.png\" alt=\"Kunden &amp; Galerien anlegen\" width=\"150\" srcset=\"https:\/\/bytepix.de\/worp\/wp-content\/uploads\/2015\/11\/screencast-startbild-150x150.png 150w, https:\/\/bytepix.de\/worp\/wp-content\/uploads\/2015\/11\/screencast-startbild.png 300w\" sizes=\"(max-width: 150px) 100vw, 150px\" \/><\/a><br \/>\nKunden &amp; Galerien anlegen<\/div>\n<div class=\"one-fourth\" style=\"text-align: center;\"><a href=\"http:\/\/www.bytepix.de\/worp\/intro-clip3\/\"><img decoding=\"async\" class=\"aligncenter wp-image-1179 size-thumbnail\" style=\"margin-bottom: 0;\" src=\"http:\/\/www.bytepix.de\/worp\/wp-content\/uploads\/2015\/11\/screencast-startbild-150x150.png\" alt=\"mitt3 l\u00e4dt Bilder hoch\" width=\"150\" srcset=\"https:\/\/bytepix.de\/worp\/wp-content\/uploads\/2015\/11\/screencast-startbild-150x150.png 150w, https:\/\/bytepix.de\/worp\/wp-content\/uploads\/2015\/11\/screencast-startbild.png 300w\" sizes=\"(max-width: 150px) 100vw, 150px\" \/><\/a><br \/>\n&#8220;mitt3&#8221; l\u00e4dt Bilder hoch<\/div>\n<div class=\"one-fourth\" style=\"text-align: center;\"><a href=\"http:\/\/www.bytepix.de\/worp\/intro-clip4\/\"><img decoding=\"async\" class=\"aligncenter wp-image-1179 size-thumbnail\" style=\"margin-bottom: 0;\" src=\"http:\/\/www.bytepix.de\/worp\/wp-content\/uploads\/2015\/11\/screencast-startbild-150x150.png\" alt=\"Bestellungen bearbeiten\" width=\"150\" srcset=\"https:\/\/bytepix.de\/worp\/wp-content\/uploads\/2015\/11\/screencast-startbild-150x150.png 150w, https:\/\/bytepix.de\/worp\/wp-content\/uploads\/2015\/11\/screencast-startbild.png 300w\" sizes=\"(max-width: 150px) 100vw, 150px\" \/><\/a><br \/>\nBestellungen bearbeiten<\/div>\n<div class=\"clearfix\"><\/div>\n<h1 style=\"text-align: center; padding: 80px 0 0 0;\">Screencasts zu QR-Sort<\/h1>\n<div class=\"one-half first\" style=\"text-align: center;\"><a href=\"http:\/\/www.bytepix.de\/worp\/qr-sort-clip-1\/\"><img decoding=\"async\" class=\"aligncenter wp-image-1179 size-thumbnail\" style=\"margin-bottom: 0;\" src=\"http:\/\/www.bytepix.de\/worp\/wp-content\/uploads\/2015\/11\/screencast-startbild-150x150.png\" alt=\"Galerien anlegen, QR-Codes erzeugen\" width=\"150\" srcset=\"https:\/\/bytepix.de\/worp\/wp-content\/uploads\/2015\/11\/screencast-startbild-150x150.png 150w, https:\/\/bytepix.de\/worp\/wp-content\/uploads\/2015\/11\/screencast-startbild.png 300w\" sizes=\"(max-width: 150px) 100vw, 150px\" \/><\/a><br \/>\nGalerien anlegen, QR-Codes erzeugen<\/div>\n<div class=\"one-half\" style=\"text-align: center;\"><a href=\"http:\/\/www.bytepix.de\/worp\/qr-sort-clip-2\/\"><img decoding=\"async\" class=\"aligncenter wp-image-1179 size-thumbnail\" style=\"margin-bottom: 0;\" src=\"http:\/\/www.bytepix.de\/worp\/wp-content\/uploads\/2015\/11\/screencast-startbild-150x150.png\" alt=\"QR-Codes erkennen, Bilder autom. sortieren\" width=\"150\" srcset=\"https:\/\/bytepix.de\/worp\/wp-content\/uploads\/2015\/11\/screencast-startbild-150x150.png 150w, https:\/\/bytepix.de\/worp\/wp-content\/uploads\/2015\/11\/screencast-startbild.png 300w\" sizes=\"(max-width: 150px) 100vw, 150px\" \/><\/a><br \/>\nQR-Codes erkennen, Bilder autom. sortieren<\/div>\n","protected":false},"excerpt":{"rendered":"<p>ab Version 3.0 f\u00fcr 2.9.6 und fr\u00fcher Screencasts zur Einf\u00fchrung Konfiguration, Formate &amp; Preise Kunden &amp; Galerien anlegen &#8220;mitt3&#8221; l\u00e4dt Bilder hoch Bestellungen bearbeiten Screencasts zu QR-Sort Galerien anlegen, QR-Codes erzeugen QR-Codes erkennen, Bilder autom. sortieren<\/p>\n","protected":false},"author":1,"featured_media":0,"parent":0,"menu_order":0,"comment_status":"open","ping_status":"open","template":"","meta":{"_genesis_hide_title":false,"_genesis_hide_breadcrumbs":false,"_genesis_hide_singular_image":false,"_genesis_hide_footer_widgets":false,"_genesis_custom_body_class":"","_genesis_custom_post_class":"","_genesis_layout":"full-width-content","footnotes":""},"_links":{"self":[{"href":"https:\/\/bytepix.de\/worp\/wp-json\/wp\/v2\/pages\/325"}],"collection":[{"href":"https:\/\/bytepix.de\/worp\/wp-json\/wp\/v2\/pages"}],"about":[{"href":"https:\/\/bytepix.de\/worp\/wp-json\/wp\/v2\/types\/page"}],"author":[{"embeddable":true,"href":"https:\/\/bytepix.de\/worp\/wp-json\/wp\/v2\/users\/1"}],"replies":[{"embeddable":true,"href":"https:\/\/bytepix.de\/worp\/wp-json\/wp\/v2\/comments?post=325"}],"version-history":[{"count":34,"href":"https:\/\/bytepix.de\/worp\/wp-json\/wp\/v2\/pages\/325\/revisions"}],"predecessor-version":[{"id":1230,"href":"https:\/\/bytepix.de\/worp\/wp-json\/wp\/v2\/pages\/325\/revisions\/1230"}],"wp:attachment":[{"href":"https:\/\/bytepix.de\/worp\/wp-json\/wp\/v2\/media?parent=325"}],"curies":[{"name":"wp","href":"https:\/\/api.w.org\/{rel}","templated":true}]}}