{"id":588,"date":"2014-11-12T16:21:53","date_gmt":"2014-11-12T16:21:53","guid":{"rendered":"http:\/\/www.bytepix.de\/worp\/?page_id=588"},"modified":"2015-08-02T09:42:13","modified_gmt":"2015-08-02T09:42:13","slug":"immer-wieder-neue-funktionen","status":"publish","type":"page","link":"https:\/\/bytepix.de\/worp\/immer-wieder-neue-funktionen\/","title":{"rendered":"Immer wieder neue Funktionen"},"content":{"rendered":"<p>Nicht jedes Update ist kostenpflichtig. Fast immer sind neue Funktionen dabei. Allesamt aus der Praxis von vielen hundert Fotografen geboren. Scheuen auch Sie sich nicht, Anregungen beizusteuern. Zuletzt haben wir f\u00fcr Sie umgesetzt:<\/p>\n<hr \/>\n<h2 class=\"handy\">Bestellungen &#8220;ohne Preise&#8221;<\/h2>\n<p><a href=\"http:\/\/www.bytepix.de\/worp\/wp-content\/uploads\/2014\/11\/euro-durchgestrichen.png\"><img decoding=\"async\" class=\"alignleft wp-image-587\" style=\"padding-right: 8px;\" src=\"http:\/\/www.bytepix.de\/worp\/wp-content\/uploads\/2014\/11\/euro-durchgestrichen-150x150.png\" alt=\"euro-durchgestrichen\" width=\"96\" \/><\/a>Ab sofort l\u00e4sst bytepix sich so konfigurieren, dass Ihren Kunden keine Preise angezeigt werden. bytepix wird so zu einem reinen Auswahl-System.<br \/>\nHervorragend, wenn sie z. B. Pauschalpreise vereinbaren. Ihre Kunden suchen sich dann entweder nur Bilder aus \u2013 oder Abz\u00fcge in frei w\u00e4hlbarem Format und St\u00fcckzahl (ebenfalls ohne Preise).<\/p>\n<div class=\"clearfix:after\"><\/div>\n<hr \/>\n<h2 class=\"handy\">Dateinamen auflisten, der &#8220;fn&#8221;-Dialog<\/h2>\n<p><a href=\"http:\/\/www.bytepix.de\/worp\/wp-content\/uploads\/2014\/11\/fn-dialog.png\"><img decoding=\"async\" class=\"alignleft wp-image-584\" style=\"padding-right: 8px;\" src=\"http:\/\/www.bytepix.de\/worp\/wp-content\/uploads\/2014\/11\/fn-dialog.png\" alt=\"fn-dialog\" width=\"75\" \/><\/a>In Photoshop Lightroom und andere Programme k\u00f6nnen Sie gleichzeitig nach mehreren Dateinamen suchen. Entsprechend haben wir einen &#8220;fn&#8221;-Dialog entwickelt: Mit diesem rufen Sie nun die Dateinamen einer Bestellung ab \u2013 und \u00fcbertragen sie einfach per Copy &amp; Paste nach Lightroom &amp; Co. Lightroom sucht dann in null Komma nichts die bestellten Bilder f\u00fcr Sie heraus und \u00f6ffnet sie zur Bearbeitung.<\/p>\n<div class=\"clearfix:after\"><\/div>\n<hr \/>\n<h2 class=\"handy\">Filme verkaufen<\/h2>\n<p><a href=\"http:\/\/www.bytepix.de\/worp\/wp-content\/uploads\/2014\/11\/video.png\"><img decoding=\"async\" class=\"alignleft wp-image-586\" style=\"padding-right: 8px;\" src=\"http:\/\/www.bytepix.de\/worp\/wp-content\/uploads\/2014\/11\/video-150x150.png\" alt=\"video\" width=\"90\" srcset=\"https:\/\/bytepix.de\/worp\/wp-content\/uploads\/2014\/11\/video-150x150.png 150w, https:\/\/bytepix.de\/worp\/wp-content\/uploads\/2014\/11\/video.png 200w\" sizes=\"(max-width: 150px) 100vw, 150px\" \/><\/a>bytepix unterst\u00fctzt Sie ab sofort bei Pr\u00e4sentation und Verkauf von Filmen, die Sie w\u00e4hrend eines Shootings gedreht habe. Damit Ihre Filme auf allen Browsern sichtbar werden, mit oder ohne Flash, laden Sie bis zu drei Codierungen des Videos hoch oder verlinken diese (ein Programm zur Umcodierung haben wir im Service-Bereich verlinkt). Den Rest \u00fcbernimmt bytepix: automatisch wird der Film skaliert, die browserabh\u00e4ngige Abspielmethode gew\u00e4hlt und das Startbild angezeigt. W\u00e4hrend der Film l\u00e4uft, k\u00f6nnen Ihre Kunden, die Lautst\u00e4rke und Abspielposition \u00e4ndern, oder auf Vollbild umschalten.<br \/>\nSie legen fest, wie ihre &#8220;Video-Produkte&#8221; heissen und welchen Preis Sie verlangen m\u00f6chten. Der Kunde klickt die gew\u00fcnschte Fassung an und setzt seinen Bestellprozess fort.<\/p>\n<div class=\"clearfix:after\"><\/div>\n<hr \/>\n<p>&nbsp;<\/p>\n","protected":false},"excerpt":{"rendered":"<p>Nicht jedes Update ist kostenpflichtig. Fast immer sind neue Funktionen dabei. Allesamt aus der Praxis von vielen hundert Fotografen geboren. Scheuen auch Sie sich nicht, Anregungen beizusteuern. Zuletzt haben wir f\u00fcr Sie umgesetzt: Bestellungen &#8220;ohne Preise&#8221; Ab sofort l\u00e4sst bytepix sich so konfigurieren, dass Ihren Kunden keine Preise angezeigt werden. bytepix wird so zu einem [&hellip;]<\/p>\n","protected":false},"author":1,"featured_media":1033,"parent":0,"menu_order":0,"comment_status":"open","ping_status":"open","template":"","meta":{"_genesis_hide_title":false,"_genesis_hide_breadcrumbs":false,"_genesis_hide_singular_image":false,"_genesis_hide_footer_widgets":false,"_genesis_custom_body_class":"","_genesis_custom_post_class":"","_genesis_layout":"full-width-content","footnotes":""},"_links":{"self":[{"href":"https:\/\/bytepix.de\/worp\/wp-json\/wp\/v2\/pages\/588"}],"collection":[{"href":"https:\/\/bytepix.de\/worp\/wp-json\/wp\/v2\/pages"}],"about":[{"href":"https:\/\/bytepix.de\/worp\/wp-json\/wp\/v2\/types\/page"}],"author":[{"embeddable":true,"href":"https:\/\/bytepix.de\/worp\/wp-json\/wp\/v2\/users\/1"}],"replies":[{"embeddable":true,"href":"https:\/\/bytepix.de\/worp\/wp-json\/wp\/v2\/comments?post=588"}],"version-history":[{"count":9,"href":"https:\/\/bytepix.de\/worp\/wp-json\/wp\/v2\/pages\/588\/revisions"}],"predecessor-version":[{"id":1036,"href":"https:\/\/bytepix.de\/worp\/wp-json\/wp\/v2\/pages\/588\/revisions\/1036"}],"wp:featuredmedia":[{"embeddable":true,"href":"https:\/\/bytepix.de\/worp\/wp-json\/wp\/v2\/media\/1033"}],"wp:attachment":[{"href":"https:\/\/bytepix.de\/worp\/wp-json\/wp\/v2\/media?parent=588"}],"curies":[{"name":"wp","href":"https:\/\/api.w.org\/{rel}","templated":true}]}}