{"id":638,"date":"2014-11-13T14:13:57","date_gmt":"2014-11-13T14:13:57","guid":{"rendered":"http:\/\/www.bytepix.de\/worp\/?page_id=638"},"modified":"2020-07-22T18:08:00","modified_gmt":"2020-07-22T18:08:00","slug":"lieferumfang","status":"publish","type":"page","link":"https:\/\/bytepix.de\/worp\/produkt-ueberblick\/lieferumfang\/","title":{"rendered":"Produkt &#8211; Lieferumfang"},"content":{"rendered":"<p>bytepix besteht insgesamt aus vier Teilen:<\/p>\n<ol>\n<li>PC- oder Macintosh-Programm &#8220;server-install&#8221; zur Installation der Software auf einem bestehenden Web-Server. Das Programm erlaubt es, per File Transfer Protokoll (FTP) ein eigenes Verzeichnis auf den Web-Server zu erstellen und eine erste PHP-Datei zur weiteren Installation dorthin zu \u00fcbertragen. Die weitere Installation findet dann Server zu Server statt.\u00a0&#8220;server-install&#8221; f\u00fchrt zu Beginn eine Reihe Tests durch und f\u00fchrt Sie komfortabel durch die Installation.<\/li>\n<li>Die installierten Dateien liefern die im <a href=\"https:\/\/bytepix.de\/worp\/produkt-ueberblick\/\">\u00dcberblick<\/a>\u00a0beschriebene Funktionalit\u00e4t der Online-Galerien (Kundenteil) und des Backoffices (Verwaltungsteil) zur Bearbeitung der Bestellungen.<\/li>\n<li>Das Programm &#8220;mitt3&#8221; dient dazu, aus digitalen Bildern Thumbnails (Briefmarken-Bildchen) und Voransichten zu erzeugen. Es besteht die M\u00f6glichkeit die Bilder durch diagonale Streifen und\/oder Wasserzeichen vor missbr\u00e4uchlicher Nutzung zu sch\u00fctzen. Die Bilder k\u00f6nnen dann direkt in das entsprechende Album auf den Web-Server \u00fcbertragen werden. Das Programm wird lokal auf Ihrem Apple-\u00a0oder Windows-Computer ausgef\u00fchrt (bitte bei der Bestellung entscheiden).<\/li>\n<li>Das Lightroom\u00ae-Plugin erlaubt es Thumbnails und Voransichten in Lightroom\u00ae zu erzeugen und von dort aus direkt in die\u00a0vorbereitete Galerie\u00a0auf Ihrem Web-Server zu \u00fcbertragen.<\/li>\n<\/ol>\n<p><!-- Um Bilder \u201ezum Herunterladen\u201c anzubieten, mieten Sie bei uns zus\u00e4tzliche Software und Speicherplatz an, den Service \u201eDownload Speicherplatz\u201c. --><\/p>\n<p>\u201eQR-Sort\u201c zum Erzeugen und Erkennen von QR-Codes in der Kindergarten- und Schulfotografie erwerben Sie als optionales Zusatzprogramm f\u00fcr die Betriebsysteme MacOS X oder Windows.<\/p>\n","protected":false},"excerpt":{"rendered":"<p>bytepix besteht insgesamt aus vier Teilen: PC- oder Macintosh-Programm &#8220;server-install&#8221; zur Installation der Software auf einem bestehenden Web-Server. Das Programm erlaubt es, per File Transfer Protokoll (FTP) ein eigenes Verzeichnis auf den Web-Server zu erstellen und eine erste PHP-Datei zur weiteren Installation dorthin zu \u00fcbertragen. Die weitere Installation findet dann Server zu Server statt.\u00a0&#8220;server-install&#8221; f\u00fchrt [&hellip;]<\/p>\n","protected":false},"author":1,"featured_media":0,"parent":2,"menu_order":3,"comment_status":"closed","ping_status":"closed","template":"","meta":{"_genesis_hide_title":false,"_genesis_hide_breadcrumbs":false,"_genesis_hide_singular_image":false,"_genesis_hide_footer_widgets":false,"_genesis_custom_body_class":"","_genesis_custom_post_class":"","_genesis_layout":"","footnotes":""},"_links":{"self":[{"href":"https:\/\/bytepix.de\/worp\/wp-json\/wp\/v2\/pages\/638"}],"collection":[{"href":"https:\/\/bytepix.de\/worp\/wp-json\/wp\/v2\/pages"}],"about":[{"href":"https:\/\/bytepix.de\/worp\/wp-json\/wp\/v2\/types\/page"}],"author":[{"embeddable":true,"href":"https:\/\/bytepix.de\/worp\/wp-json\/wp\/v2\/users\/1"}],"replies":[{"embeddable":true,"href":"https:\/\/bytepix.de\/worp\/wp-json\/wp\/v2\/comments?post=638"}],"version-history":[{"count":8,"href":"https:\/\/bytepix.de\/worp\/wp-json\/wp\/v2\/pages\/638\/revisions"}],"predecessor-version":[{"id":1503,"href":"https:\/\/bytepix.de\/worp\/wp-json\/wp\/v2\/pages\/638\/revisions\/1503"}],"up":[{"embeddable":true,"href":"https:\/\/bytepix.de\/worp\/wp-json\/wp\/v2\/pages\/2"}],"wp:attachment":[{"href":"https:\/\/bytepix.de\/worp\/wp-json\/wp\/v2\/media?parent=638"}],"curies":[{"name":"wp","href":"https:\/\/api.w.org\/{rel}","templated":true}]}}