{"id":687,"date":"2014-11-13T15:13:50","date_gmt":"2014-11-13T15:13:50","guid":{"rendered":"http:\/\/www.bytepix.de\/worp\/?page_id=687"},"modified":"2018-08-31T10:05:35","modified_gmt":"2018-08-31T10:05:35","slug":"produkt-eigenschaften","status":"publish","type":"page","link":"https:\/\/bytepix.de\/worp\/produkt-ueberblick\/produkt-eigenschaften\/","title":{"rendered":"Produkt-Eigenschaften von &#8220;bytepix&#8221;"},"content":{"rendered":"<h2 class=\"oben\">Grundfunktionen<\/h2>\n<ul>\n<li>beliebig viele\u00a0passwortgesch\u00fctzte Online-Galerien, soviel Ihr Hosting zul\u00e4sst<\/li>\n<li>Formate, Varianten, Sets, Pakete in beliebiger Anzahl frei definier- und sortierbar<\/li>\n<li>interaktives Zusammenstellen von Produkten aus mehreren Bildern<\/li>\n<li>Kurzbeschreibungen und Info-Seiten (content management)<\/li>\n<li>Bestellm\u00f6glichkeit, Warenkorb kann beim Logout gespeichert werden<\/li>\n<li>gesondertes Passwort f\u00fcr Einzelgalerien f\u00fcr Schul- und Kindergartenfotografie<\/li>\n<li>integrierter Verwaltungsteil,\u00a0deutsch und englisch<\/li>\n<li>2 responsive\u00a0Layouts, basierend auf Twitter Bootstrap, erweiter- oder\u00a0\u00e4nderbar oder als Basis f\u00fcr eigene Themes<\/li>\n<li>Hintergrundbilder f\u00fcr Startseite und im Kundenteil einfach\u00a0austauschbar<\/li>\n<li>Fotografen-Logo, anpassbare\u00a0Loginseite<\/li>\n<li>pers\u00f6nlichen Begr\u00fc\u00dfungsseite vor jedem Album, falls gew\u00fcnscht<\/li>\n<li>Verkaufsm\u00f6glichkeit f\u00fcr Videos, Teaser-Video\u00a0kann eingebettet werden<\/li>\n<li>3 Sprachen f\u00fcr den Kundenteil<\/li>\n<li>Begriffe und Texte im Kundenteil k\u00f6nnen in allen drei Sprachen\u00a0ge\u00e4ndert werden<\/li>\n<li>Einzelbild-Ansicht, \u00dcbersicht, Merkzettel<\/li>\n<li>Diashow<\/li>\n<li>\u00f6ffentliche Galerien auf Knopfdruck<\/li>\n<li>Gutscheine \u00fcber\u00a0Fix-Betr\u00e4ge<\/li>\n<li>e-Mail \u00fcber Auftrag an Besteller und an Sie<\/li>\n<li>Standardwerte vorbelegen f\u00fcr fast alle Einstellungen<\/li>\n<li>Upload-Programm &#8220;mitt3&#8221; (dreht und erzeugt verkleinerte Bilder automatisch)<\/li>\n<li>Adobe\u00ae Photoshop\u00ae Lightroom\u00ae Plug-In<\/li>\n<p>\t<!-- \n\n<li>Option: Bilder \"zum Herunterladen\" anbieten<\/li>\n\n -->\n<\/ul>\n<h2 class=\"oben\">Preisfindung<\/h2>\n<ul>\n<li>als Preislisten, Listen mit Fotoarbeiten und Konditionen-Tabellen organisiert<\/li>\n<li>dadurch individuelle\u00a0Preise je Galerie<\/li>\n<li>Mindest- und Grundpreis frei definierbar<\/li>\n<li>Staffelpreise: 2 mal 5 Systeme &#8220;ab X St\u00fcck&#8221; oder &#8220;ab dem X-tem Abzug&#8221;<\/li>\n<li>3 Rabattstufen, die befristet werden k\u00f6nnen<\/li>\n<li>3 Versandkosten-Klassen mit Option &#8220;Versandkosten-Befreiung&#8221;<\/li>\n<li>bis zu 6 Papierqualit\u00e4ten konfigurierbar<\/li>\n<li>frei definierbare &#8220;Fotoarbeiten&#8221; aus mehreren Bildern, wie Sets, Pakete oder auch Kalender<\/li>\n<li>frei w\u00e4hlbar: W\u00e4hrung, Steuersatz, PayPal-\u00dcbergang<\/li>\n<li>addierbare Zusatzkosten bei Varianten<\/li>\n<li>Bestellbest\u00e4tigung als PDF<\/li>\n<li>Optionen f\u00fcr Zulieferart: Vorkasse, Selbstabholer und Aufschlag bei Nachnahme, Paypal und per Rechnung<\/li>\n<li>Galerien ohne Preise zur reinen Auswahl,\u00a0oder mit Formaten<\/li>\n<li>Einmalkosten bei Erstbestellung<\/li>\n<li>Bilder einer Bestellung auch auf CD\/DVD<\/li>\n<\/ul>\n<h2 class=\"oben\">Verwaltung<\/h2>\n<ul>\n<li>Zugriffsdauer pro Galerie individuell definierbar (Ablaufdatum)<\/li>\n<li>automatische oder manuelle Info-Mails an Ihre Kunden: Passwort, X-Tage vor Ablauf und am Ablauftag<\/li>\n<li>E-Mail-Versand via SMTP oder per eingebauter PHP-Funktion<\/li>\n<li>Gesamt-Bestell\u00fcbersicht mit Umsatzanzeige<\/li>\n<li>Auflisten aller offenen Bestellungen \u2013\u00a0sortier- und kummulierbar<\/li>\n<li>Anzeige der Bestellpositionen, sortierbar<\/li>\n<li>Kundenliste<\/li>\n<li>Zugriffsz\u00e4hler sowie Anzeige des letzten Zugriffdatums je Galerie<\/li>\n<li>Galerie-Liste sortierbar<\/li>\n<li>druckf\u00e4hige Rechnung als PDF aus Auftrag generieren, anpassbar<\/li>\n<li>Statistik-, Bestell- und Kundendaten als Excel-Tabellen abrufbar<\/li>\n<li>dynamische Visualisierung als Balken-Grafiken<\/li>\n<li>Mail an Besteller direkt aus der Auftagsliste<\/li>\n<li>R\u00fccksetzen des Nummernkreises f\u00fcr die Bestellnummer<\/li>\n<li>Auflistung nur der Dateinamen einer Bestellung zur \u00dcbernahme in Suchprogramme<\/li>\n<li>Speicherverbrauch auf Ihrem Server<\/li>\n<\/ul>\n<h2>GUI Funktionen<\/h2>\n<ul>\n<li>Bildnummern unterdr\u00fccken<\/li>\n<li>Bl\u00e4ttern, auch mit Pfeiltasten, Einzelbildansicht<\/li>\n<li>\u00c4nderung der Zahl der dargestellten Thumbnails<\/li>\n<li>Darstellungsgr\u00f6\u00dfen\u00a0responsive<\/li>\n<li>Kundengalerien nach Dateinamen sortieren<\/li>\n<li>interaktives Zusammenstellen von Mehr-Bild-Produkten<\/li>\n<li>Vormerken und Ausw\u00e4hlen auch bei laufender Diashow<\/li>\n<\/ul>\n<h2>Sicherheit<\/h2>\n<ul>\n<li>Zwangspause nach dreimaligen Fehllogin<\/li>\n<li>Cross-Site-Scripting Filter bei Erfassung der Bestelldaten<\/li>\n<li>Sperrung rechte Maustaste<\/li>\n<li>Durchsichtiges Overlay \u00fcber Einzelbild<\/li>\n<li>diagonale Streifen oder Wasserzeichen im Bild<\/li>\n<li>Ziel- und Loginparameter beim Hochladen verschl\u00fcsselt auch wenn der WebServer &#8220;https&#8221; nicht unterst\u00fctzt<\/li>\n<\/ul>\n","protected":false},"excerpt":{"rendered":"<p>Grundfunktionen beliebig viele\u00a0passwortgesch\u00fctzte Online-Galerien, soviel Ihr Hosting zul\u00e4sst Formate, Varianten, Sets, Pakete in beliebiger Anzahl frei definier- und sortierbar interaktives Zusammenstellen von Produkten aus mehreren Bildern Kurzbeschreibungen und Info-Seiten (content management) Bestellm\u00f6glichkeit, Warenkorb kann beim Logout gespeichert werden gesondertes Passwort f\u00fcr Einzelgalerien f\u00fcr Schul- und Kindergartenfotografie integrierter Verwaltungsteil,\u00a0deutsch und englisch 2 responsive\u00a0Layouts, basierend auf Twitter [&hellip;]<\/p>\n","protected":false},"author":1,"featured_media":0,"parent":2,"menu_order":0,"comment_status":"closed","ping_status":"closed","template":"","meta":{"_genesis_hide_title":false,"_genesis_hide_breadcrumbs":false,"_genesis_hide_singular_image":false,"_genesis_hide_footer_widgets":false,"_genesis_custom_body_class":"","_genesis_custom_post_class":"","_genesis_layout":"","footnotes":""},"_links":{"self":[{"href":"https:\/\/bytepix.de\/worp\/wp-json\/wp\/v2\/pages\/687"}],"collection":[{"href":"https:\/\/bytepix.de\/worp\/wp-json\/wp\/v2\/pages"}],"about":[{"href":"https:\/\/bytepix.de\/worp\/wp-json\/wp\/v2\/types\/page"}],"author":[{"embeddable":true,"href":"https:\/\/bytepix.de\/worp\/wp-json\/wp\/v2\/users\/1"}],"replies":[{"embeddable":true,"href":"https:\/\/bytepix.de\/worp\/wp-json\/wp\/v2\/comments?post=687"}],"version-history":[{"count":13,"href":"https:\/\/bytepix.de\/worp\/wp-json\/wp\/v2\/pages\/687\/revisions"}],"predecessor-version":[{"id":1467,"href":"https:\/\/bytepix.de\/worp\/wp-json\/wp\/v2\/pages\/687\/revisions\/1467"}],"up":[{"embeddable":true,"href":"https:\/\/bytepix.de\/worp\/wp-json\/wp\/v2\/pages\/2"}],"wp:attachment":[{"href":"https:\/\/bytepix.de\/worp\/wp-json\/wp\/v2\/media?parent=687"}],"curies":[{"name":"wp","href":"https:\/\/api.w.org\/{rel}","templated":true}]}}