{"id":807,"date":"2014-12-15T18:21:29","date_gmt":"2014-12-15T18:21:29","guid":{"rendered":"http:\/\/www.bytepix.de\/worp\/?page_id=807"},"modified":"2019-12-10T18:56:19","modified_gmt":"2019-12-10T18:56:19","slug":"kontakt","status":"publish","type":"page","link":"https:\/\/bytepix.de\/worp\/kontakt\/","title":{"rendered":"Kontakt"},"content":{"rendered":"<div class=\"one-half first\">\n<p id=\"biggreen\"><!-- Tel. +49 (0)721 568 4614Wir g\u00f6nnen uns eine Woche Ferien. Ab 26.7.2016 sind wir wieder frisch und hilfsbereit f\u00fcr Sie da. Vielen Dank f\u00fcr Ihr Verst\u00e4ndnis. J\u00f6rg Friedrich und Team--><\/p>\n<p>Wir m\u00f6chten Ihnen die Kosten f\u00fcr eine teure Hotline sparen &#8211; und dabei selbst wirtschaftlich arbeiten. Deswegen bitten wir Sie: Schauen Sie vor Ihrem Anruf in unsere <a title=\"Dokumentation\" href=\"http:\/\/www.bytepix.de\/worp\/bedienung\/\">Bedienungsanleitung<\/a>. Die meisten Fragen sind dort bereits beantwortet.<\/p>\n<p><!--\n\n\n<h3>Wenn der Anrufbeantworter dran ist ...<\/h3>\n\n\nUnsere Telefonanlage ist so eingstellt, dass Anrufe auf einen Anrufbeantworter weitergeleitet werden, wenn wir gerade selbst in einem Kundengespr\u00e4ch sind. Hinterlassen Sie also bitte Ihren Namen, Telefonnummer und den Grund Ihres Anrufs. Wir rufen dann baldm\u00f6glichst zur\u00fcck.\n\n--><\/p>\n<h3>Datenschutzerkl\u00e4rung<\/h3>\n<p>Das rechts stehende E-Mail-Formular sendet eine E-Mail an uns. Ihre hier eingegebenen Daten verwenden wir ausschlie\u00dflich zur Beantwortung Ihrer Anfrage. Danach l\u00f6schen wir Ihre Angaben wieder. Ihre hier eingegebenen Daten werden nicht an Dritte weitergegeben und weder von uns noch von Dritten zu Werbezwecken genutzt. Sie haben das Recht Ihre Einwilligung zu Widerrufen und uns um L\u00f6schung Ihrer Eingaben zu bitten.<br \/>\nWeitere Informationen k\u00f6nnen Sie unserer <a href=\"http:\/\/www.bytepix.de\/worp\/produkt-ueberblick\/datenschutzerklarung\/\">Datenschutzerkl\u00e4rung<\/a> entnehmen.<\/p>\n<\/div>\n<div class=\"one-half\">\n<h4>Senden Sie uns eine Nachricht oder Anfrage:<\/h4>\n<form id=\"theform\" action=\"\/worp\/wp-json\/wp\/v2\/pages\/807\" method=\"POST\">\n<input type=\"hidden\" name=\"csfr\" value=\"e4430d66c352ff3bf474d7d02c7b34d9\" \/><p><label for=\"firstname\">Vorname<\/label>\n<input type=\"text\" name=\"firstname\" value=\"\" \/><\/p>\n<p><label for=\"lastname\">Nachname<\/label>\n<input type=\"text\" name=\"lastname\" value=\"\" \/><\/p>\n<p><label for=\"phone\">Telefon *)<\/label>\n<input type=\"text\" name=\"phone\" value=\"\" \/><\/p>\n<p><label for=\"email\">E-Mail *)<\/label>\n<input type=\"email\" name=\"email\" value=\"\" \/><\/p>\n<p><label for=\"test\">Mensch\/Maschinen Testfrage: <br \/><em>In welcher Stadt Berlin liegt der deutsche Bundestag?<\/em><br \/>Antwort *)<\/label>\n<input type=\"text\" name=\"test\" value=\"\" \/><\/p>\n<p><label for=\"message\">Ihre Nachricht an uns *)<\/label>\n<textarea rows=\"10\" name=\"message\" ><\/textarea><\/p>\n<p>\n<input type=\"checkbox\" name=\"datenschutz\" value=\"yes\" \/>&nbsp; *)&nbsp;&nbsp;<label for=\"datenschutz\">Ich habe die links stehenden Hinweise zum Datenschutz f\u00fcr die hier eingegebenen Daten zur Kenntnis genommen.<\/label><\/p>\n\n\n\n<p><button type=\"submit\">absenden<\/button><\/p>\n<\/form>\n\n<\/div>\n","protected":false},"excerpt":{"rendered":"<p>Wir m\u00f6chten Ihnen die Kosten f\u00fcr eine teure Hotline sparen &#8211; und dabei selbst wirtschaftlich arbeiten. Deswegen bitten wir Sie: Schauen Sie vor Ihrem Anruf in unsere Bedienungsanleitung. Die meisten Fragen sind dort bereits beantwortet. Datenschutzerkl\u00e4rung Das rechts stehende E-Mail-Formular sendet eine E-Mail an uns. Ihre hier eingegebenen Daten verwenden wir ausschlie\u00dflich zur Beantwortung Ihrer [&hellip;]<\/p>\n","protected":false},"author":1,"featured_media":0,"parent":0,"menu_order":0,"comment_status":"open","ping_status":"open","template":"","meta":{"_genesis_hide_title":false,"_genesis_hide_breadcrumbs":false,"_genesis_hide_singular_image":false,"_genesis_hide_footer_widgets":false,"_genesis_custom_body_class":"","_genesis_custom_post_class":"","_genesis_layout":"full-width-content","footnotes":""},"_links":{"self":[{"href":"https:\/\/bytepix.de\/worp\/wp-json\/wp\/v2\/pages\/807"}],"collection":[{"href":"https:\/\/bytepix.de\/worp\/wp-json\/wp\/v2\/pages"}],"about":[{"href":"https:\/\/bytepix.de\/worp\/wp-json\/wp\/v2\/types\/page"}],"author":[{"embeddable":true,"href":"https:\/\/bytepix.de\/worp\/wp-json\/wp\/v2\/users\/1"}],"replies":[{"embeddable":true,"href":"https:\/\/bytepix.de\/worp\/wp-json\/wp\/v2\/comments?post=807"}],"version-history":[{"count":27,"href":"https:\/\/bytepix.de\/worp\/wp-json\/wp\/v2\/pages\/807\/revisions"}],"predecessor-version":[{"id":1499,"href":"https:\/\/bytepix.de\/worp\/wp-json\/wp\/v2\/pages\/807\/revisions\/1499"}],"wp:attachment":[{"href":"https:\/\/bytepix.de\/worp\/wp-json\/wp\/v2\/media?parent=807"}],"curies":[{"name":"wp","href":"https:\/\/api.w.org\/{rel}","templated":true}]}}