{"id":897,"date":"2014-12-30T11:05:56","date_gmt":"2014-12-30T11:05:56","guid":{"rendered":"http:\/\/www.bytepix.de\/worp\/?page_id=897"},"modified":"2020-07-22T18:16:36","modified_gmt":"2020-07-22T18:16:36","slug":"agb","status":"publish","type":"page","link":"https:\/\/bytepix.de\/worp\/produkt-ueberblick\/agb\/","title":{"rendered":"AGB &#038; Nutzungsbedingungen"},"content":{"rendered":"<h2 style=\"text-align: center;\"><span style=\"color: #339966;\"><strong>Durch Betriebsschlie\u00dfung nicht mehr g\u00fcltig!<\/strong><\/span><\/h2>\n<p>Letzte \u00c4nderung: Mai 2018<\/p>\n<h3>Allgemeines<\/h3>\n<p>Die vorliegenden Allgemeinen Gesch\u00e4ftsbedingungen regeln den Verkauf von Software und unterst\u00fctzender Dienstleistung durch bytework &#8211; Dr. J\u00f6rg Friedrich, Karl-Weysser-Str. 17, 76227 Karlsruhe (im Folgenden kurz &#8220;bytework&#8221;) an Kunden, die bei Abschluss des Vertrages in Aus\u00fcbung einer gewerblichen oder selbst\u00e4ndigen T\u00e4tigkeit handeln (Unternehmer, \u00a7 14 BGB).<\/p>\n<p>Entgegenstehende und\/oder abweichende Bedingungen des Kunden erlangen nur dann Geltung, wenn bytework ihrer Geltung ausdr\u00fccklich zugestimmt hat. Vertragserf\u00fcllungshandlungen der bytework gelten nicht als Zustimmung zu von diesen Bedingungen abweichenden Vertragsbedingungen.<\/p>\n<h3>Vertragsschluss<\/h3>\n<p>Alle Angebote sind, sofern nicht anders angegeben, freibleibend.<\/p>\n<p>Bei der Darstellung der Software auf den Internetseiten www.bytepix.de handelt es sich um eine unverbindliche Aufforderung zur Bestellung an den Kunden. Die Bestellung des Kunden stellt ein Angebot zum Abschluss eines Kaufvertrages dar. Wenn der Kunde eine Bestellung aufgibt, sendet bytework in der Regel eine Bestellbest\u00e4tigung. Diese Bestellbest\u00e4tigung stellt, sofern nicht anders angegeben, keine Annahme des Angebotes dar, sondern soll nur dar\u00fcber informieren, dass wir die Bestellung erhalten haben. Ein Vertrag kommt erst dann zustande, wenn bytework den Vertragsschluss best\u00e4tigt oder die bestellte Software via Download zug\u00e4nglich macht.<\/p>\n<p>bytework ist berechtigt, die Annahme der Bestellung abzulehnen.<\/p>\n<h3>Vertragsgegenstand, Updates<\/h3>\n<p>Der Kunde erwirbt ein einfaches, nicht ausschlie\u00dfliches und wiederrufbares Nutzungsrecht der Software in der von ihm gew\u00e4hlten Konfiguration.\u00a0Die dem Kunden \u00fcberlassene Software, einschlie\u00dflich der gesamten Dokumentation bleibt ausschlie\u00dflich Eigentum des Lizenzgebers.<\/p>\n<p>Er erwirbt au\u00dferdem das Recht zum Bezug von kostenfreien und kostenpflichtigen Updates f\u00fcr die erworbene Nutzungslizenz, die in unregelm\u00e4\u00dfigen Abst\u00e4nden Fehler korrigieren, bzw. neue Funktionen anbieten.<\/p>\n<p>bytework bietet gesondert Dienstleistungen betreffend Installation und Hosting der Software an. Nimmt der Kunde diese nicht in Anspruch, so liegen Installation und Hosting der Software in seiner Verantwortung.<\/p>\n<p>bytework bietet au\u00dferdem Speichplatz auf eigenen Web-Servern und zugeh\u00f6rige Zugriffs-Funktionalit\u00e4t auf Mietbasis an, deren Nutzung speziellen Bedingungen unterliegen, siehe\u00a0Nutzungsbedingungen f\u00fcr den &#8220;Bytepix Download-Speicherplatz&#8221; weiter unten.<\/p>\n<div id=\"stacks_out_15836_page13\" class=\"stacks_out\">\n<div id=\"stacks_in_15836_page13\" class=\"stacks_in com_joeworkman_stacks_foundation_header_stack\">\n<h3 class=\"text-left \">Widerrufsrecht<\/h3>\n<\/div>\n<\/div>\n<div id=\"stacks_out_15842_page13\" class=\"stacks_out\">\n<div id=\"stacks_in_15842_page13\" class=\"stacks_in com_joeworkman_stacks_foundation_paragraph_stack\">\n<p class=\"text-left \" draggable=\"false\">Da wir ausschlie\u00dflich an Gesch\u00e4ftskunden, im Sinne von <span class=\"jnenbez\">\u00a7<\/span> 14 BGB, liefern, findet das Gesetz \u00fcber Fernabsatzvertr\u00e4ge und damit die dort enthaltenen M\u00f6glichkeiten des Widerrufs\u00a0( <span class=\"jnenbez\">\u00a7 356 BGB )<\/span> keine Anwendung.<br \/>\nWir sind au\u00dferdem nicht in der Lage, eine Nutzungslizenz &#8220;zur\u00fcckzunehmen&#8221;, da wir die Nutzung der Software nicht sperren k\u00f6nen.<\/p>\n<p draggable=\"false\">F\u00fcr den &#8220;Bytepix Download-Speicherplatz&#8221; besteht ein gesondertes Recht zum Widerruf, siehe unten.<\/p>\n<\/div>\n<\/div>\n<h3>Rechte<\/h3>\n<p>Dem Kunden wird ein einfaches Nutzungsrecht zur Nutzung der Software auf Dauer einger\u00e4umt.<\/p>\n<p>Die Einr\u00e4umung der Nutzungsrechte ist an\u00a0die vollst\u00e4ndige Zahlung der vereinbarten Verg\u00fctung gebunden.<\/p>\n<p>Die Software und das zugeh\u00f6rige Schriftmaterial sind urheberrechtlich gesch\u00fctzt.<\/p>\n<p>Urhebervermerke, Seriennummern sowie sonstige der Programmidentifikation dienende Hinweise d\u00fcrfen nicht entfernt oder ver\u00e4ndert werden. Gleiches gilt f\u00fcr eine Unterdr\u00fcckung der Bildschirmanzeige entsprechender Hinweise.<\/p>\n<p>Zu einer Ver\u00e4nderung der Codeform, in der die Software geliefert wird, insbesondere zur Dekompilierung von im Objektcode gelieferter Software, ist der Kunde nur bei Vorliegen der gesetzlichen Voraussetzungen berechtigt.<\/p>\n<p>Die Weitergabe der lizenzierten Software an Dritte ist untersagt.\u00a0Die Einbindung der Software in andere Applikationen ist ausschlie\u00dflich f\u00fcr den Eigenbedarf des Kunden gestattet.\u00a0Dem Kunden ist erlaubt Kopien der Software anzufertigen.<br \/>\nErworbene Lizenzen sind immer nur f\u00fcr die lizenzierte Organisation g\u00fcltig und nicht \u00fcbertragbar.<\/p>\n<p><strong>F\u00fcr das Produkt \u201ebytepix\u201c gilt:<\/strong><br \/>\nDie Software darf in einer einmaligen Ausfertigung auf einem Web-Server des Kunden zur Nutzung installiert werden. Die Nutzungslizenz ist dabei an <span style=\"text-decoration: underline;\">eine<\/span>\u00a0Domain gebunden, unter der der Web-Server angesprochen wird (<span style=\"text-decoration: underline;\">eine<\/span> URL). Eine Verlinkung auf den Web-Server mit \u201ebytepix\u201c, von anderen Internet-Seiten aus, ist statthaft.<\/p>\n<p><strong>F\u00fcr das Teilprodukt \u201emitt\u201c oder \u201emitt3\u201c und das Lightroom Plugin gilt:<\/strong><br \/>\nDie Programme \u201emitt\u201c oder \u201emitt3\u201c und das Lightroom Plugin dienen der Bearbeitung und dem Transfer von Bilddaten auf den WebServer, auf welchem \u201ebytepix\u201c installiert ist. Sie sind Bestandteil der Software &#8220;bytepix&#8221;. Sie d\u00fcrfen innerhalb der lizenzierten Organisation auf beliebig vielen Rechnern installiert werden.<br \/>\nDie Programme \u201emitt\u201c oder \u201emitt3\u201c k\u00f6nnen nur jeweils unter einem Betriebsystemtyp, MacOS X oder Windows, betrieben werden. Dies ist beim Erwerb der Software Nutzungslizenz f\u00fcr \u201ebytepix\u201c anzuzeigen. Es besteht die M\u00f6glichkeit ein sogenanntes \u201eCrossgrade\u201c f\u00fcr das jeweils andere Betriebsystem zu erwerben.<\/p>\n<p><strong>F\u00fcr die Produkte \u201eQR-Sort\u201c und &#8220;Collect&#8221; gilt:<\/strong><br \/>\nDas Programm QR-Sort, genau wie das Programm Collect, wird jeweils f\u00fcr einen einzelnen Computer lizenziert und kann dann nur vollumf\u00e4nglich von diesem aus\u00a0betrieben werden. Zur \u00dcberpr\u00fcfung dieser Einschr\u00e4nkung wird der mit der Lizenz verbunden Schl\u00fcssel sowie eine Hardware ID des Computers in unregelm\u00e4\u00dfigen Abst\u00e4nden an bytework \u00fcbertragen. Bei Abweichungen gegen\u00fcber der Erst\u00fcbertragung, kommt es zu Sperrung wichtiger Funktionen innerhalb des Programms. Es ist m\u00f6glich die Lizenz auf dem Ursprungscomputer zu deregistrieren, um sie auf einem andern erneut zu registrieren und damit zu nutzen.<\/p>\n<h3>Gew\u00e4hrleistung<\/h3>\n<p>Der Kunde \u00fcbernimmt in Bezug auf alle Lieferungen und Leistungen von bytework in Durchf\u00fchrung dieses Vertrages eine Untersuchungs- und R\u00fcgepflicht entsprechend \u00a7 377 HGB.<\/p>\n<p>Im Verkauf der Lizenz sind kein kostenloser Support oder Updates enthalten.<\/p>\n<p>Es wird darauf hingewiesen, dass es nach dem Stand der Technik nicht m\u00f6glich ist,\u00a0Fehler und Sicherheitsl\u00fccken in Datenverarbeitungsprogrammen unter allen Anwendungsbedingungen auszuschlie\u00dfen.<\/p>\n<p>Der Kunde hat M\u00e4ngel unter genauer Angabe der Umst\u00e4nde, unter denen sie sich gezeigt haben, und deren Auswirkungen unverz\u00fcglich detailliert und nachvollziehbar schriftlich gegen\u00fcber bytework anzuzeigen. Behauptete oder vermutete Rechtsm\u00e4ngel sind bytework ebenfalls anzuzeigen und eventuelle Abmahnungen oder Forderungen Dritter im Zusammenhang mit einem behaupteten Rechtsmangel bytework zu belegen.<\/p>\n<p>Ist bytework aufgrund von M\u00e4ngeln zur Nacherf\u00fcllung verpflichtet, kann diese nach Wahl der bytework im Wege Mangelbeseitigung oder Nachlieferung erbracht werden. Wird die Nacherf\u00fcllung im Wege der Mangelbeseitigung erbracht, kann sie &#8211; im freien Ermessen von bytework und bei Verf\u00fcgbarkeit &#8211; auch durch Lieferung einer neuen Version, eines Updates, Upgrades, Patches oder Releases erfolgen. Ist solches noch nicht verf\u00fcgbar, wird dies aber in absehbarer Zeit verf\u00fcgbar sein, kann bytework den Kunden f\u00fcr den entsprechenden Zeitraum auf eine Umgehungsl\u00f6sung verweisen, au\u00dfer, soweit eine Umgehungsl\u00f6sung f\u00fcr den Kunden nicht zumutbar ist.<\/p>\n<p>Der Kunde wird bytework die Suche und Analyse der Mangelursache erm\u00f6glichen, bytework dabei angemessen unterst\u00fctzen und Einsicht in die Unterlagen gew\u00e4hren.<\/p>\n<p>Ergibt die \u00dcberpr\u00fcfung, dass kein Anspruch wegen M\u00e4ngeln besteht, kann bytework die entstandenen Kosten und Aufwendungen branchen\u00fcblich in Rechnung stellen.<\/p>\n<p>bytework leistet keine Gew\u00e4hrleistung, soweit der Kunde \u00c4nderungen oder Anpassungen am Shopsystem vorgenommen hat. Dies gilt nicht, wenn diese \u00c4nderungen oder Anpassungen f\u00fcr den betreffenden Mangel nicht urs\u00e4chlich sind.<\/p>\n<h3>Haftung<\/h3>\n<p>Die Haftung von bytework f\u00fcr s\u00e4mtliche sich aus und im Zusammenhang mit dem Abschluss und der Durchf\u00fchrung dieses Vertrags ergebenden Rechte und Anspr\u00fcche ist unabh\u00e4ngig vom tats\u00e4chlichen oder rechtlichen Grund wie folgt begrenzt:<\/p>\n<p>Bei grober Fahrl\u00e4ssigkeit ist die Haftung von bytework auf die typischen Sch\u00e4den begrenzt, welche f\u00fcr bytework bei Vertragsschluss vorhersehbar waren. Diese Haftungsbegrenzung gilt nicht bei grober Fahrl\u00e4ssigkeit eines gesetzlichen Vertreters oder leitenden Angestellten der bytework.<\/p>\n<p>Bei leichter Fahrl\u00e4ssigkeit haftet bytework nur, soweit die Sch\u00e4den durch eine Verletzung wesentlicher Vertragspflichten verursacht wurden, wobei diese Haftung auf die typischen Sch\u00e4den begrenzt ist, die f\u00fcr bytework bei Vertragsschluss vorhersehbar waren.<\/p>\n<p>Ein Mitverschulden des Kunden ist stets anzurechnen.<\/p>\n<p>Eine Haftung durch bytework f\u00fcr einen Verlust von Daten setzt zudem voraus, dass der Kunde mit der gebotenen H\u00e4ufigkeit und Sorgfalt, jedoch mindestens einmal t\u00e4glich, eine Datensicherung durchgef\u00fchrt hat und diese gesicherten Daten zur Wiederherstellung der Daten genutzt werden k\u00f6nnen. Die Haftung von\u00a0bytework ist stets auf die H\u00f6he des Aufwandes zur Wiederherstellung der nichtverf\u00fcgbaren Daten aus einer ordnungsgem\u00e4\u00dfen, insbesondere maschinenlesbaren Datensicherung beschr\u00e4nkt.<\/p>\n<h3>EU-Streitbeilegung<\/h3>\n<p>Beschwerdeverfahren via Online-Streitbeilegung f\u00fcr Verbraucher (OS): <a href=\"http:\/\/ec.europa.eu\/consumers\/odr\/\">http:\/\/ec.europa.eu\/consumers\/odr\/<\/a>.\u00a0Wir sind nicht bereit und nicht verpflichtet an einem Streitbeilegungsverfahren vor einer Verbraucherschlichtungsstelle teilzunehmen.<\/p>\n<h3>Zahlungsweise<\/h3>\n<p>Es gelten die mit bytework vereinbarten Preise. Zum Skontoabzug ist der Kunde ohne gesonderte Vereinbarung (bspw. Mitgliedschaft Ringfoto, Optimal Foto, etc.) nicht berechtigt.<br \/>\nbytework ist berechtigt, im Verzugsfall seine\u00a0Leistungen bis zur vollst\u00e4ndigen Bezahlung zur\u00fcck zubehalten.<\/p>\n<h3>Datenschutzerkl\u00e4rung<\/h3>\n<p>Unsere Erkl\u00e4rungen zum Datenschutz der Webseiten www.bytepix.de und www.bytework.de, sowie f\u00fcr die generelle Verarbeitung Ihrer Daten bei einer Bestellung und beim Anmieten des Download-Speicherplatzes, finden Sie <a href=\"http:\/\/www.bytepix.de\/worp\/produkt-ueberblick\/datenschutzerklarung\/\">hier<\/a>.<\/p>\n<h3>Schluss<\/h3>\n<p>Mit der Nutzung oder dem Kauf der Software des Lizenzgebers erkennt der Kunde diese allgemeinen Lizenz\u00adbedingungen an!<\/p>\n<p>Erf\u00fcllungsort und ausschlie\u00dflicher Gerichtsstand f\u00fcr Streitigkeiten aus oder im Zusammenhang mit vorliegendem Vertrag ist Karlsruhe vereinbart. bytework ist dar\u00fcber hinaus berechtigt, am Sitz des Kunden zu klagen.<\/p>\n<p>Diese AGB, Nutzungsbedingungen und Datenschutzbedingungen und die damit verbundenen rechtlichen Bedingungen unterliegen dem Gesetzt der Bundesrepublik Deutschland. Sollten einzelne oder Teile der Bedingungen rechtlich strittig sein, so m\u00f6gen sie dennoch sinngem\u00e4\u00df zur Anwendung kommen und die G\u00fcltigkeit der \u00fcbrigen bleibt hiervon unber\u00fchrt.<\/p>\n<p>bytework &#8211; Dr. Friedrich<br \/>\nKarl-Weysser-Str. 17<br \/>\n76227 Karlsruhe<br \/>\njoerXbyteworkYde<br \/>\nErsetzen Sie in dieser E-Mail-Adresse &#8216;X&#8217; durch &#8216;@&#8217; und &#8216;Y&#8217; durch einen Punkt.<\/p>\n<h1>Nutzungsbedingungen f\u00fcr den &#8220;Bytepix Download-Speicherplatz&#8221;<\/h1>\n<p>Durch die Nutzung der Services akzeptieren Sie oder das Unternehmen in dessen Namen Sie zur Nutzung berechtigt sind, diese Bedingungen.<\/p>\n<p>Wir behalten uns vor, mit der Verbesserung der Funktionen und dem Hinzukommen weiterer Funktionen den Service im Laufe der Zeit zu \u00e4ndern. Wir behalten und dar\u00fcber hinaus vor, nach eigenem Ermessen Inhalte aus dem Download-Speicherplatz zu entfernen, wenn uns bspw. Gesetzesverst\u00f6\u00dfe in Zusammenhang mit diesen Inhalten bekannt werden.<\/p>\n<h3 class=\"text-left \">Widerrufsrecht<\/h3>\n<p>Wir r\u00e4umen unseren Kunden ein 14 t\u00e4giges Widerrufsrecht auf die Nutzung den Download-Speicherplatzes ein, da wir diesen jederzeit sperren k\u00f6nnen. Die Widerrufsfrist beginnt mit dem Erhalt des Download-Serverschl\u00fcssels. Der Widerruf kann uns am einfachsten durch eine formlose E-Mail an joergXbyteworkYde angezeigt werden. Ersetzen Sie in dieser E-Mail-Adresse &#8216;X&#8217; durch &#8216;@&#8217; und &#8216;Y&#8217; durch einen Punkt.<\/p>\n<h3>Ihre Dateien<\/h3>\n<p>Bytepix Download-Speicherplatz dient ausschlie\u00dflich der Bereitstellung von Bild-Dateien im Rahmen der bytepix-Software. Es ist untersagt anderes Datenmaterial (z.B. Musik, Filme, Programme, etc.) in den bereitgestellten Speicherplatz hochzuladen. Dies Verbot gilt auch sinngem\u00e4\u00df f\u00fcr den Versuch, Nicht-Bilddaten in Bilddateien zu verpacken und diese dann als Bilder in den bereitgestellten Speicherplatz hochzuladen. Ausgenommen hiervon sind nat\u00fcrlich die \u00fcblichen Bilddatei-Header wie EXIF oder IPTC, die integraler Bestandteil moderner Bilddateien sind.<\/p>\n<p>Durch die Nutzung des bytepix-Download-Speicherplatzes lassen Sie uns Dateien zukommen, die Sie an einen unserer Download-Server \u00fcbermitteln. Sie bleiben alleiniger Eigent\u00fcmer Ihres Materials. Wir stellen keinerlei inhaber- oder eigentumsrechtliche Anspr\u00fcche auf dieses Material. Mit Ausnahme der f\u00fcr das Betreiben der Services notwendigen eingeschr\u00e4nkten Rechte erhalten wir durch die vorliegenden Bedingungen keine Rechte an Ihrem Material oder Urheberrechte.<\/p>\n<p>Durch Nutzung unseres Services erteilen Sie uns die Genehmigung Ihre Dateien auf verschiedenen Server-Systeme zu hosten, die wir bei anderen, uns vertrauensw\u00fcrdig erscheinenden Dienstleistern, z.B. Hetzner AG, angemietet haben. Die Nutzungsrechte, sind mit den Rechten dieser Dienstleister nach bestem Wissen und Gewissen abgestimmt. Wir sind bestrebt, ausschlie\u00dflich Server in Europa anzumieten.<\/p>\n<p>Sie allein sind f\u00fcr Ihr Verhalten, den Inhalt Ihrer Dateien und Ordner sowie die Kommunikationen mit Dritten im Rahmen der Nutzung des bytepix Download-Speicherplatzes verantwortlich. Beispielsweise obliegt es Ihnen, sicherzustellen, dass Sie \u00fcber die erforderlichen Rechte oder Genehmigungen verf\u00fcgen, Ihre Dateien zum Download anzubieten und um die vorliegenden Bedingungen einzuhalten.<\/p>\n<p>Sie erkennen an, dass bytework &#8211; Dr. Friedrich nicht dazu verpflichtet ist, \u00fcber die Nutzung des bytepix-Download-Speicherplatzes bereitgestellte Informationen zu \u00fcberwachen. F\u00fcr die Angemessenheit, Richtigkeit, Vollst\u00e4ndigkeit oder Legalit\u00e4t von Dateien auf die durch den Download zugegriffen werden kann, sind wir nicht verantwortlich.<\/p>\n<h3>Ihre Verantwortung<\/h3>\n<p>Inhalte von Dateien sind gegebenenfalls urheberrechtlich gesch\u00fctzt. Bitte unterlassen Sie das Kopieren, Hochladen, Herunterladen oder Freigeben von Dateien, wenn Sie dazu nicht befugt sind. Nicht bytework &#8211; Dr. Friedrich, sondern Sie selbst sind f\u00fcr die Dateien, die Sie hochladen und zum Download freigeben verantwortlich und haftbar. Das Hochladen von Spyware und anderer sch\u00e4dlicher Software ist untersagt.<\/p>\n<p>Sie selbst sind f\u00fcr den Erhalt und den Schutz Ihre Dateien verantwortlich. bytework &#8211; Dr. Friedrich haftet weder bei Verlust oder Besch\u00e4digung Ihrer Dateien, noch f\u00fcr Kosten oder Ausgaben im Zusammenhang mit der Sicherung oder Wiederherstellung derselben. Selbstverst\u00e4ndlich sind wir bem\u00fcht die uns anvertrauten Dateien sicher, also auch mit einem Backup, zu speichern. Hieraus leiten sich jedoch keinerlei Anspr\u00fcche\/Garantien auf Kosten\u00fcbernahme oder Entsch\u00e4digung (z.B. bei Einkommensausfalls, Entgangene Gesch\u00e4fte oder Kosten der R\u00fccksicherung) f\u00fcr Sie ab.<\/p>\n<p>Sie verpflichten sich mit der Nutzung des Services uns zeitnah \u00fcber evtl. Adress\u00e4nderungen zu informieren.<\/p>\n<h3>Zugangssicherheit<\/h3>\n<p>Sie sind f\u00fcr die sichere Aufbewahrung der &#8220;Download-Server Schl\u00fcssels&#8221; und den sicheren Zugang zum Download-Server gegen\u00fcber dritten verantwortlich. Zur Absicherung geh\u00f6rt die Absicherung des Zugangs zu Ihrer bytepix-Installation auf Ihrem Web-Server (in dieser wird der Download-Server Schl\u00fcssel gespeichert) sowie dem Zugang zum Programm &#8220;mitt&#8221;. W\u00e4hlen Sie also bitte ein sicheres Passwort f\u00fcr den Zugang zum Verwaltungsteil von bytepix sowie f\u00fcr die Zugangsdaten zu Ihrem Web-Server (Homepage). S\u00e4mtliche Kommunikation zwischen Ihnen als Administrator, Ihren Kunden, der bytepix-Software auf Ihrem Web-Server und den Download-Servern erfolgt verschl\u00fcsselt. Dieser Absicherung haben Sie mit der Nutzung des Services zugestimmt und erm\u00f6glichen diese technisch.<\/p>\n<h3>Software &#8220;mitt\/mitt3&#8221;<\/h3>\n<p>Zum Hochladen der Bild-Dateien auf den Download-Server m\u00fcssen Sie ein Software-Paket herunterladen (&#8220;mitt\/mitt3&#8221;). bytework &#8211; Dr. Friedrich erteilt Ihnen hiermit eine eingeschr\u00e4nkte, nicht ausschlie\u00dfliche, widerrufbare Nutzungslizenz f\u00fcr diese Software. Ihnen wird dieses Nutzungslizenz automatisch entzogen, wenn Sie gegen diese Nutzungsbedingungen versto\u00dfen. Das tats\u00e4chliche oder versuchte Zur\u00fcckentwickeln oder Dekompilieren der Software ist untersagt.<\/p>\n<h3>Miet-Konditionen<\/h3>\n<p>Den bytepix Download-Speicherplatz mieten Sie auf monatlicher Basis an (kleinste Einheit). Stichtag ist jeweils der 15. eines Monats zum Bereitstellungsbeginn. D.h. bei Bereitstellung vor dem 15. eines Monats bezahlen Sie den vollen Monat, danach die H\u00e4lfte. Traffic-Kosten entstehen Ihnen nicht.<br \/>\n<span class=\"normal\">Der Vertrag verl\u00e4ngert sich automatisch bei Bezahlung des Mietpreises f\u00fcr 6 weitere Monate vor Ablauf.<\/span><br \/>\nDie Abrechnung erfolgt in Vorleistung halbj\u00e4hrlich und wird bei K\u00fcndigung r\u00fcckwirkend verg\u00fctet.<br \/>\nDie Mindest-Mietdauer betr\u00e4gt 3 Monate.<br \/>\nDie K\u00fcndigungsfrist, nach der Mindest-Mietdauer, betr\u00e4gt jeweils einen Monat zum Monatsende.<\/p>\n<h3>Haftungsbeschr\u00e4nkung<\/h3>\n<p>Der &#8220;bytepix Download-Speicherplatz&#8221; wird in der vorliegenden Form bereitgestellt. Dieser Service wird auf eigenes Risiko und ohne ausdr\u00fcckliche oder stillschweigende Garantien oder Bedingungen zur Verf\u00fcgung gestellt. Wir \u00fcbernehmen keinerlei Garantien f\u00fcr Marktg\u00e4ngigkeit, Eignung f\u00fcr einen bestimmten Zweck oder Verletzung der Rechte Dritter an den oder in Verbindung mit den von Ihnen hochgeladenen und zum Download bereitgestellten Dateien. Wir haften auch nicht f\u00fcr Sch\u00e4den an Computersystemen und Dateien, die durch Nutzung des Systems entstehen.<\/p>\n","protected":false},"excerpt":{"rendered":"<p>Durch Betriebsschlie\u00dfung nicht mehr g\u00fcltig! Letzte \u00c4nderung: Mai 2018 Allgemeines Die vorliegenden Allgemeinen Gesch\u00e4ftsbedingungen regeln den Verkauf von Software und unterst\u00fctzender Dienstleistung durch bytework &#8211; Dr. J\u00f6rg Friedrich, Karl-Weysser-Str. 17, 76227 Karlsruhe (im Folgenden kurz &#8220;bytework&#8221;) an Kunden, die bei Abschluss des Vertrages in Aus\u00fcbung einer gewerblichen oder selbst\u00e4ndigen T\u00e4tigkeit handeln (Unternehmer, \u00a7 14 BGB). [&hellip;]<\/p>\n","protected":false},"author":1,"featured_media":0,"parent":2,"menu_order":6,"comment_status":"closed","ping_status":"closed","template":"","meta":{"_genesis_hide_title":false,"_genesis_hide_breadcrumbs":false,"_genesis_hide_singular_image":false,"_genesis_hide_footer_widgets":false,"_genesis_custom_body_class":"","_genesis_custom_post_class":"","_genesis_layout":"","footnotes":""},"_links":{"self":[{"href":"https:\/\/bytepix.de\/worp\/wp-json\/wp\/v2\/pages\/897"}],"collection":[{"href":"https:\/\/bytepix.de\/worp\/wp-json\/wp\/v2\/pages"}],"about":[{"href":"https:\/\/bytepix.de\/worp\/wp-json\/wp\/v2\/types\/page"}],"author":[{"embeddable":true,"href":"https:\/\/bytepix.de\/worp\/wp-json\/wp\/v2\/users\/1"}],"replies":[{"embeddable":true,"href":"https:\/\/bytepix.de\/worp\/wp-json\/wp\/v2\/comments?post=897"}],"version-history":[{"count":13,"href":"https:\/\/bytepix.de\/worp\/wp-json\/wp\/v2\/pages\/897\/revisions"}],"predecessor-version":[{"id":1506,"href":"https:\/\/bytepix.de\/worp\/wp-json\/wp\/v2\/pages\/897\/revisions\/1506"}],"up":[{"embeddable":true,"href":"https:\/\/bytepix.de\/worp\/wp-json\/wp\/v2\/pages\/2"}],"wp:attachment":[{"href":"https:\/\/bytepix.de\/worp\/wp-json\/wp\/v2\/media?parent=897"}],"curies":[{"name":"wp","href":"https:\/\/api.w.org\/{rel}","templated":true}]}}