{"id":949,"date":"2015-07-22T15:51:36","date_gmt":"2015-07-22T15:51:36","guid":{"rendered":"http:\/\/www.bytepix.de\/worp\/?page_id=949"},"modified":"2016-10-14T11:23:56","modified_gmt":"2016-10-14T11:23:56","slug":"qr-sort","status":"publish","type":"page","link":"https:\/\/bytepix.de\/worp\/produkt-ueberblick\/qr-sort\/","title":{"rendered":"Das Programm &#8220;QR-Sort&#8221;"},"content":{"rendered":"<p>QR-Sort unterst\u00fctzt Sie bei der Kindergarten- und Schulfotografie. Es arbeitet eng mit bytepix (ab Version 3.0.5) und mitt3 (ab Version 3.5) zusammen, kann jedoch auch v\u00f6llig unabh\u00e4ngig genutzt werden.<\/p>\n<p style=\"text-align: left;\"><img loading=\"lazy\" decoding=\"async\" class=\"wp-image-1269 size-medium alignright\" src=\"http:\/\/www.bytepix.de\/worp\/wp-content\/uploads\/2016\/10\/qrsort-box-300x200.png\" width=\"300\" height=\"200\" \/>Kinderbilder im Internet sind in den vergangenen Jahren zu einem hochsensiblen Thema geworden. Selbst innerhalb einer Klasse m\u00f6chten manche Eltern nicht, dass andere die Bilder des eigenen Kindes betrachten k\u00f6nnen. Um dies zu verhindern, ben\u00f6tigt der Fotograf f\u00fcr jedes Kind eine eigene Galerie, die durch ein Passwort abgesichert ist. F\u00fcr die Klasse oder Kindergartengruppe wird ferner eine Galerie f\u00fcr Gruppenaufnahmen ben\u00f6tigt, die nur den Kindern aus der Gruppe zug\u00e4nglich ist.<\/p>\n<h2>So nutzen Sie QR-Sort<\/h2>\n<p>Lesen Sie hier wie Sie QR-Sort einsetzen, oder schauen Sie sich zwei\u00a0<a href=\"http:\/\/www.bytepix.de\/worp\/screencasts-als-einfuhrung\/\">Screencasts<\/a> zu diesem Thema an.<\/p>\n<p>Eine erste Aufgabe von QR-Sort ist es, Kunden und Galerien automatisiert zu erzeugen, ohne dass der Fotograf jede einzelne Galerie bearbeiten muss.\u00a0Nach guter Vorbereitung, gen\u00fcgt die Eingabe einer Anzahl Kunden sowie einer Anzahl Galerien pro Kunde, um auch viele hundert Galerien und Passworte automatisch entstehen zu lassen.\u00a0QR-Sort steuert bytepix dabei aus der Ferne. Eine \u00dcbersicht der erzeugten Galerien und Passworte kann ausgedruckt werden.<\/p>\n<p>Im zweiten Schritt erzeugen Sie aus den Passworten QR-Codes und drucken diese entweder auf Visitenkarten (SIGEL-Format 2&#215;5 pro Blatt, 85x55mm) oder im DIN A4 Format aus.<br \/>\nDie Kennwortkarten haben zwei Funktionen:<\/p>\n<ul>\n<li>Erkennen der Bildsequenzen des Shootings<\/li>\n<li>\u00dcbermittlung des Passworts an den Kunden<\/li>\n<\/ul>\n<p>W\u00e4hrend des Shootings fotografieren Sie immer zuerst den QR-Code einer Kennwortkarte und anschlie\u00dfend das Kind. Auf diese Weise wird die Abfolge der Bilder strukturiert. Dem Kind, bzw. seinen Eltern \u00fcbergeben Sie anschlie\u00dfend die Kennwortkarte, damit es sich an bytepix anmelden kann, sobald die Bilder online gestellt sind.<br \/>\nEbenso fotografieren Sie den QR-Code vor einer Gruppenaufnahme.<br \/>\nEventuell machen Sie sich Notizen auf den \u00dcbersichtslisten, die beim Erzeugen der Galerien entstanden sind.\u00a0Wenn Sie w\u00e4hrend der Aufnahmen f\u00fcr ein Kind die Chip-Karte wechseln m\u00fcssen, dann nehmen Sie den QR-Code des Kindes erneut auf, bevor Sie mit den Aufnahmen fortfahren.<\/p>\n<p>Nach Abschluss des Shootings speichern Sie alle Bilder auf der Festplatte Ihres Computers und lesen sie in QR-Sort ein. In der entstehenden \u00dcbersicht hat QR-Sort die Codes erkannt und die Bilder entsprechend eingeteilt.\u00a0Sie k\u00f6nnen nun Bilder entfernen, umsortieren, QR-Codes erg\u00e4nzen oder neu einf\u00fcgen.\u00a0Anschlie\u00dfend gleichen Sie die erkannten Bild-Sequenzen mit bytepix ab (Fernabfrage) und verschieben Sie per Knopfdruck in Galerieordner, die auf Ihrer Festplatte in einem gemeinsamen \u201eHotfolder\u201c entstehen.<\/p>\n<p>Die Bilder des Shootings sind jetzt \u201eeinsortiert\u201c.\u00a0\u201emitt\u201c wurde um Funktionen erg\u00e4nzt, die eine solche Ordnerstruktur in einem Arbeitsgang einlesen, Voransichten erzeugen und in die Galerien von bytepix hochladen k\u00f6nnen. Die Galerien m\u00fcssen nicht l\u00e4nger einzeln hochgeladen werden.<\/p>\n<h2>QR-Sort ohne bytepix nutzen<\/h2>\n<p>Im Betrieb \u201eohne bytepix\u201c erzeugt QR-Sort Passworte und Codes nach einem Zufallsystem ohne Wiederholungen.\u00a0Ein Abgleich der erkannten QR-Codes mit bytepix-Galerien findet nicht statt.\u00a0Die beim \u201eEinsortieren\u201c erzeugten Ordner im \u201eHotfolder\u201c tragen als Namen die Passworte. Die Weiterverarbeitung ist nun Sache des Anwenders.<\/p>\n<h2>Ausprobieren und Kaufen<\/h2>\n<p>Sie erwerben eine Nutzungslizenz von QR-Sort getrennt von bytepix f\u00fcr \u20ac 119,- in unserem <a href=\"http:\/\/www.bytepix.de\/worp\/shop\/\">Online-Shop<\/a>.<\/p>\n<p>Sie k\u00f6nnen QR-Sort fast vollst\u00e4ndig ausprobieren, indem Sie das Programm\u00a0<a href=\"http:\/\/www.bytepix.de\/worp\/download-qr-sort\/\">hier<\/a> herunterladen.<\/p>\n<h2>Updates<\/h2>\n<p>Sie k\u00f6nnen\u00a0QR-Sort explizit oder automatisch nach Updates suchen und diese installieren lassen. So sind Sie immer auf dem aktuellen Stand. Zuletzt ist am 30<strong>.10.2015<\/strong> das Update auf <strong>Version 1.0.3<\/strong>\u00a0erschienen. Kostenlos f\u00fcr alle Lizenzinhaber.<\/p>\n","protected":false},"excerpt":{"rendered":"<p>QR-Sort unterst\u00fctzt Sie bei der Kindergarten- und Schulfotografie. Es arbeitet eng mit bytepix (ab Version 3.0.5) und mitt3 (ab Version 3.5) zusammen, kann jedoch auch v\u00f6llig unabh\u00e4ngig genutzt werden. Kinderbilder im Internet sind in den vergangenen Jahren zu einem hochsensiblen Thema geworden. Selbst innerhalb einer Klasse m\u00f6chten manche Eltern nicht, dass andere die Bilder des [&hellip;]<\/p>\n","protected":false},"author":1,"featured_media":1269,"parent":2,"menu_order":1,"comment_status":"open","ping_status":"closed","template":"","meta":{"_genesis_hide_title":false,"_genesis_hide_breadcrumbs":false,"_genesis_hide_singular_image":false,"_genesis_hide_footer_widgets":false,"_genesis_custom_body_class":"","_genesis_custom_post_class":"","_genesis_layout":"","footnotes":""},"_links":{"self":[{"href":"https:\/\/bytepix.de\/worp\/wp-json\/wp\/v2\/pages\/949"}],"collection":[{"href":"https:\/\/bytepix.de\/worp\/wp-json\/wp\/v2\/pages"}],"about":[{"href":"https:\/\/bytepix.de\/worp\/wp-json\/wp\/v2\/types\/page"}],"author":[{"embeddable":true,"href":"https:\/\/bytepix.de\/worp\/wp-json\/wp\/v2\/users\/1"}],"replies":[{"embeddable":true,"href":"https:\/\/bytepix.de\/worp\/wp-json\/wp\/v2\/comments?post=949"}],"version-history":[{"count":18,"href":"https:\/\/bytepix.de\/worp\/wp-json\/wp\/v2\/pages\/949\/revisions"}],"predecessor-version":[{"id":1270,"href":"https:\/\/bytepix.de\/worp\/wp-json\/wp\/v2\/pages\/949\/revisions\/1270"}],"up":[{"embeddable":true,"href":"https:\/\/bytepix.de\/worp\/wp-json\/wp\/v2\/pages\/2"}],"wp:featuredmedia":[{"embeddable":true,"href":"https:\/\/bytepix.de\/worp\/wp-json\/wp\/v2\/media\/1269"}],"wp:attachment":[{"href":"https:\/\/bytepix.de\/worp\/wp-json\/wp\/v2\/media?parent=949"}],"curies":[{"name":"wp","href":"https:\/\/api.w.org\/{rel}","templated":true}]}}